
{"id":1678,"date":"2024-01-26T10:00:03","date_gmt":"2024-01-26T09:00:03","guid":{"rendered":"http:\/\/casadei-industria.retinatest.it\/note-legali\/"},"modified":"2024-02-28T12:21:31","modified_gmt":"2024-02-28T11:21:31","slug":"impressum","status":"publish","type":"page","link":"https:\/\/www.casadei-industria.com\/de\/impressum\/","title":{"rendered":"Impressum"},"content":{"rendered":"\n<p><strong><em>1. Copyright<\/em><\/strong><\/p>\n\n\n\n<p>Die auf dieser Webseite ver\u00f6ffentlichten Inhalte sind vorbehaltlich ausdr\u00fccklicher anderslautender Angaben urheberrechtlich gesch\u00fctzt und d\u00fcrfen ohne vorherige Genehmigung durch Casadei Industria Wood S.r.l. nicht auf anderen Webseiten, in Mailinglisten, in Newslettern, in Zeitschriften in Papierform oder auf anderen, nicht angegebenen Medien wiedergegeben werden, unabh\u00e4ngig vom Verwendungszweck.<\/p>\n\n\n\n<p>Die Genehmigung muss schriftlich per E-Mail beantragt werden und macht eine ausdr\u00fcckliche schriftliche Zustimmung durch den gesetzlichen Vertreter von Casadei Industria Wood S.r.l. erforderlich. Die eventuelle Nichtbeantwortung der Mail durch Casadei Industria Wood S.r.l. kann unter keinen Umst\u00e4nden als stillschweigende Genehmigung ausgelegt werden.<\/p>\n\n\n\n<p>Die Wiedergabe, der Verleih, das Ausleihen und die Weitergabe der Inhalte ohne Genehmigung durch Casadei Industria Wood S.r.l. ist verboten, vorbehaltlich der im untenstehenden Abschnitt angegebenen F\u00e4lle.<\/p>\n\n\n\n<p>Die grafischen Elemente und HTML\/XHTML Quellcodes sind das alleinige Eigentum von Casadei Industria Wood S.r.l..<\/p>\n\n\n\n<p><strong><em>2. Teilweiser Ausschluss des Wiedergabeverbots der Inhalte<\/em><\/strong><\/p>\n\n\n\n<p>Die auf dieser Webseite vorhandenen Inhalte d\u00fcrfen unter folgenden Bedingungen teilweise auf den Webseiten Dritter, in Newslettern oder auf digitalen Datentr\u00e4gern und in Papierform in Form eines Abstracts wiedergegeben werden:<\/p>\n\n\n\n<ul class=\"wp-block-list\">\n<li>Der wiedergegebene Inhalt darf 15% des Originalartikels nicht \u00fcbersteigen.<\/li>\n\n\n\n<li>Es muss ein deutlicher und gut sichtbarer Link zum ver\u00f6ffentlichten Originalartikel vorhanden sein.<\/li>\n\n\n\n<li>Der Name des Originalverfassers muss deutlich angegeben sein.<\/li>\n<\/ul>\n\n\n\n<p><strong><em>3. Haftbarkeit<\/em><\/strong><\/p>\n\n\n\n<p>Casadei Industria Wood S.r.l. ist nicht f\u00fcr Sch\u00e4den haftbar, die direkt oder indirekt durch die Verwendung der auf der Webseite vorhandenen Informationen entstanden sind (Bereitstellung mit der Formulierung \u201ewie besehen\u201c).<\/p>\n\n\n\n<p>F\u00fcr Inhalte, die nicht Eigentum von Casadei Industria Wood S.r.l. sind, wird das Recht auf Zitieren nach Vorgabe von Art. 70 Absatz 1, Art. 70 Absatz 1b und Art. 70 Absatz 3 des italienischen Gesetzes Nr. 633 vom 22. April 1941 in Anspruch genommen. Es wird ausdr\u00fccklich darauf hingewiesen, dass alle, auf der Webseite zitierten Marken und abgebildeten Logos Eigentum ihres rechtm\u00e4\u00dfigen Besitzers sind. Diese Marken werden nur zu Informationszwecken zitiert.<\/p>\n\n\n\n<p><strong><em>4. Schadsoftware<\/em><\/strong><\/p>\n\n\n\n<p>Trotz einer regelm\u00e4\u00dfigen Kontrolle dieser Webseite kann Casadei Industria Wood S.r.l. nicht daf\u00fcr garantieren, dass sie frei von Viren oder anderen potentiell sch\u00e4dlichen Softwareprogrammen ist. Vor der Verbindung mit dem Internet und Durchf\u00fchrung von Aktionen gleich welcher Art beim Surfen im Internet muss der Nutzer immer Sicherheitsma\u00dfnahmen auf dem neuesten Stand ergreifen, f\u00fcr welche er der alleinige Verantwortliche ist.<\/p>\n","protected":false},"excerpt":{"rendered":"<p>1. Copyright Die auf dieser Webseite ver\u00f6ffentlichten Inhalte sind vorbehaltlich ausdr\u00fccklicher anderslautender Angaben urheberrechtlich gesch\u00fctzt und d\u00fcrfen ohne vorherige Genehmigung durch Casadei Industria Wood S.r.l. nicht auf anderen Webseiten, in Mailinglisten, in Newslettern, in Zeitschriften in Papierform oder auf anderen, nicht angegebenen Medien wiedergegeben werden, unabh\u00e4ngig vom Verwendungszweck. Die Genehmigung muss schriftlich per E-Mail beantragt [&hellip;]<\/p>\n","protected":false},"author":1,"featured_media":0,"parent":0,"menu_order":0,"comment_status":"closed","ping_status":"closed","template":"","meta":{"_acf_changed":false,"inline_featured_image":false,"footnotes":""},"class_list":["post-1678","page","type-page","status-publish","hentry"],"acf":[],"yoast_head":"<!-- This site is optimized with the Yoast SEO plugin v24.0 - https:\/\/yoast.com\/wordpress\/plugins\/seo\/ -->\n<title>Impressum - Casadei Industria<\/title>\n<meta name=\"robots\" content=\"index, follow, max-snippet:-1, max-image-preview:large, max-video-preview:-1\" \/>\n<link rel=\"canonical\" href=\"https:\/\/www.casadei-industria.com\/de\/impressum\/\" \/>\n<meta property=\"og:locale\" content=\"de_DE\" \/>\n<meta property=\"og:type\" content=\"article\" \/>\n<meta property=\"og:title\" content=\"Impressum - Casadei Industria\" \/>\n<meta property=\"og:description\" content=\"1. Copyright Die auf dieser Webseite ver\u00f6ffentlichten Inhalte sind vorbehaltlich ausdr\u00fccklicher anderslautender Angaben urheberrechtlich gesch\u00fctzt und d\u00fcrfen ohne vorherige Genehmigung durch Casadei Industria Wood S.r.l. nicht auf anderen Webseiten, in Mailinglisten, in Newslettern, in Zeitschriften in Papierform oder auf anderen, nicht angegebenen Medien wiedergegeben werden, unabh\u00e4ngig vom Verwendungszweck. Die Genehmigung muss schriftlich per E-Mail beantragt [&hellip;]\" \/>\n<meta property=\"og:url\" content=\"https:\/\/www.casadei-industria.com\/de\/impressum\/\" \/>\n<meta property=\"og:site_name\" content=\"Casadei Industria\" \/>\n<meta property=\"article:modified_time\" content=\"2024-02-28T11:21:31+00:00\" \/>\n<meta name=\"twitter:card\" content=\"summary_large_image\" \/>\n<meta name=\"twitter:label1\" content=\"Gesch\u00e4tzte Lesezeit\" \/>\n\t<meta name=\"twitter:data1\" content=\"2\u00a0Minuten\" \/>\n<script type=\"application\/ld+json\" class=\"yoast-schema-graph\">{\"@context\":\"https:\/\/schema.org\",\"@graph\":[{\"@type\":\"WebPage\",\"@id\":\"https:\/\/www.casadei-industria.com\/de\/impressum\/\",\"url\":\"https:\/\/www.casadei-industria.com\/de\/impressum\/\",\"name\":\"Impressum - Casadei Industria\",\"isPartOf\":{\"@id\":\"https:\/\/www.casadei-industria.com\/de\/#website\"},\"datePublished\":\"2024-01-26T09:00:03+00:00\",\"dateModified\":\"2024-02-28T11:21:31+00:00\",\"breadcrumb\":{\"@id\":\"https:\/\/www.casadei-industria.com\/de\/impressum\/#breadcrumb\"},\"inLanguage\":\"de\",\"potentialAction\":[{\"@type\":\"ReadAction\",\"target\":[\"https:\/\/www.casadei-industria.com\/de\/impressum\/\"]}]},{\"@type\":\"BreadcrumbList\",\"@id\":\"https:\/\/www.casadei-industria.com\/de\/impressum\/#breadcrumb\",\"itemListElement\":[{\"@type\":\"ListItem\",\"position\":1,\"name\":\"Home\",\"item\":\"https:\/\/www.casadei-industria.com\/de\/\"},{\"@type\":\"ListItem\",\"position\":2,\"name\":\"Impressum\"}]},{\"@type\":\"WebSite\",\"@id\":\"https:\/\/www.casadei-industria.com\/de\/#website\",\"url\":\"https:\/\/www.casadei-industria.com\/de\/\",\"name\":\"Casadei Industria\",\"description\":\"\",\"publisher\":{\"@id\":\"https:\/\/www.casadei-industria.com\/de\/#organization\"},\"potentialAction\":[{\"@type\":\"SearchAction\",\"target\":{\"@type\":\"EntryPoint\",\"urlTemplate\":\"https:\/\/www.casadei-industria.com\/de\/?s={search_term_string}\"},\"query-input\":{\"@type\":\"PropertyValueSpecification\",\"valueRequired\":true,\"valueName\":\"search_term_string\"}}],\"inLanguage\":\"de\"},{\"@type\":\"Organization\",\"@id\":\"https:\/\/www.casadei-industria.com\/de\/#organization\",\"name\":\"Casadei Industria\",\"url\":\"https:\/\/www.casadei-industria.com\/de\/\",\"logo\":{\"@type\":\"ImageObject\",\"inLanguage\":\"de\",\"@id\":\"https:\/\/www.casadei-industria.com\/de\/#\/schema\/logo\/image\/\",\"url\":\"https:\/\/www.casadei-industria.com\/wp-content\/uploads\/2025\/02\/Casadei-Industria-Logo-vettoriale-2.svg\",\"contentUrl\":\"https:\/\/www.casadei-industria.com\/wp-content\/uploads\/2025\/02\/Casadei-Industria-Logo-vettoriale-2.svg\",\"width\":100,\"height\":100,\"caption\":\"Casadei Industria\"},\"image\":{\"@id\":\"https:\/\/www.casadei-industria.com\/de\/#\/schema\/logo\/image\/\"}}]}<\/script>\n<!-- \/ Yoast SEO plugin. -->","yoast_head_json":{"title":"Impressum - Casadei Industria","robots":{"index":"index","follow":"follow","max-snippet":"max-snippet:-1","max-image-preview":"max-image-preview:large","max-video-preview":"max-video-preview:-1"},"canonical":"https:\/\/www.casadei-industria.com\/de\/impressum\/","og_locale":"de_DE","og_type":"article","og_title":"Impressum - Casadei Industria","og_description":"1. Copyright Die auf dieser Webseite ver\u00f6ffentlichten Inhalte sind vorbehaltlich ausdr\u00fccklicher anderslautender Angaben urheberrechtlich gesch\u00fctzt und d\u00fcrfen ohne vorherige Genehmigung durch Casadei Industria Wood S.r.l. nicht auf anderen Webseiten, in Mailinglisten, in Newslettern, in Zeitschriften in Papierform oder auf anderen, nicht angegebenen Medien wiedergegeben werden, unabh\u00e4ngig vom Verwendungszweck. Die Genehmigung muss schriftlich per E-Mail beantragt [&hellip;]","og_url":"https:\/\/www.casadei-industria.com\/de\/impressum\/","og_site_name":"Casadei Industria","article_modified_time":"2024-02-28T11:21:31+00:00","twitter_card":"summary_large_image","twitter_misc":{"Gesch\u00e4tzte Lesezeit":"2\u00a0Minuten"},"schema":{"@context":"https:\/\/schema.org","@graph":[{"@type":"WebPage","@id":"https:\/\/www.casadei-industria.com\/de\/impressum\/","url":"https:\/\/www.casadei-industria.com\/de\/impressum\/","name":"Impressum - Casadei Industria","isPartOf":{"@id":"https:\/\/www.casadei-industria.com\/de\/#website"},"datePublished":"2024-01-26T09:00:03+00:00","dateModified":"2024-02-28T11:21:31+00:00","breadcrumb":{"@id":"https:\/\/www.casadei-industria.com\/de\/impressum\/#breadcrumb"},"inLanguage":"de","potentialAction":[{"@type":"ReadAction","target":["https:\/\/www.casadei-industria.com\/de\/impressum\/"]}]},{"@type":"BreadcrumbList","@id":"https:\/\/www.casadei-industria.com\/de\/impressum\/#breadcrumb","itemListElement":[{"@type":"ListItem","position":1,"name":"Home","item":"https:\/\/www.casadei-industria.com\/de\/"},{"@type":"ListItem","position":2,"name":"Impressum"}]},{"@type":"WebSite","@id":"https:\/\/www.casadei-industria.com\/de\/#website","url":"https:\/\/www.casadei-industria.com\/de\/","name":"Casadei Industria","description":"","publisher":{"@id":"https:\/\/www.casadei-industria.com\/de\/#organization"},"potentialAction":[{"@type":"SearchAction","target":{"@type":"EntryPoint","urlTemplate":"https:\/\/www.casadei-industria.com\/de\/?s={search_term_string}"},"query-input":{"@type":"PropertyValueSpecification","valueRequired":true,"valueName":"search_term_string"}}],"inLanguage":"de"},{"@type":"Organization","@id":"https:\/\/www.casadei-industria.com\/de\/#organization","name":"Casadei Industria","url":"https:\/\/www.casadei-industria.com\/de\/","logo":{"@type":"ImageObject","inLanguage":"de","@id":"https:\/\/www.casadei-industria.com\/de\/#\/schema\/logo\/image\/","url":"https:\/\/www.casadei-industria.com\/wp-content\/uploads\/2025\/02\/Casadei-Industria-Logo-vettoriale-2.svg","contentUrl":"https:\/\/www.casadei-industria.com\/wp-content\/uploads\/2025\/02\/Casadei-Industria-Logo-vettoriale-2.svg","width":100,"height":100,"caption":"Casadei Industria"},"image":{"@id":"https:\/\/www.casadei-industria.com\/de\/#\/schema\/logo\/image\/"}}]}},"_links":{"self":[{"href":"https:\/\/www.casadei-industria.com\/de\/wp-json\/wp\/v2\/pages\/1678","targetHints":{"allow":["GET"]}}],"collection":[{"href":"https:\/\/www.casadei-industria.com\/de\/wp-json\/wp\/v2\/pages"}],"about":[{"href":"https:\/\/www.casadei-industria.com\/de\/wp-json\/wp\/v2\/types\/page"}],"author":[{"embeddable":true,"href":"https:\/\/www.casadei-industria.com\/de\/wp-json\/wp\/v2\/users\/1"}],"replies":[{"embeddable":true,"href":"https:\/\/www.casadei-industria.com\/de\/wp-json\/wp\/v2\/comments?post=1678"}],"version-history":[{"count":2,"href":"https:\/\/www.casadei-industria.com\/de\/wp-json\/wp\/v2\/pages\/1678\/revisions"}],"predecessor-version":[{"id":1794,"href":"https:\/\/www.casadei-industria.com\/de\/wp-json\/wp\/v2\/pages\/1678\/revisions\/1794"}],"wp:attachment":[{"href":"https:\/\/www.casadei-industria.com\/de\/wp-json\/wp\/v2\/media?parent=1678"}],"curies":[{"name":"wp","href":"https:\/\/api.w.org\/{rel}","templated":true}]}}