
{"id":1679,"date":"2024-01-26T10:00:03","date_gmt":"2024-01-26T09:00:03","guid":{"rendered":"http:\/\/casadei-industria.retinatest.it\/note-legali\/"},"modified":"2024-02-28T12:17:25","modified_gmt":"2024-02-28T11:17:25","slug":"notas-legales","status":"publish","type":"page","link":"https:\/\/www.casadei-industria.com\/es\/notas-legales\/","title":{"rendered":"Notas legales"},"content":{"rendered":"\n<p><strong><em>1. Copyright<\/em><\/strong><\/p>\n\n\n\n<p>Los contenidos publicados en este sitio web, a menos que se indique expresamente lo contrario, est\u00e1n protegidos por la legislaci\u00f3n vigente en materia de protecci\u00f3n de los derechos de autor y no pueden replicarse en otros sitios web, listas de correo, boletines informativos, revistas en papel u otros medios no indicados, sin la autorizaci\u00f3n previa deCasadei Industria Wood S.r.l., sea cual sea el prop\u00f3sito de uso.<\/p>\n\n\n\n<p>La autorizaci\u00f3n debe solicitarse por escrito por correo electr\u00f3nico y se considera aceptada solo despu\u00e9s de un consentimiento expl\u00edcito por escrito del representante legal de Casadei Industria Wood S.r.l. La posible falta de respuesta por parte de Casadei Industria Wood S.r.l. no debe interpretarse en ning\u00fan caso como una autorizaci\u00f3n t\u00e1cita.<\/p>\n\n\n\n<p>Queda prohibida la reproducci\u00f3n, el alquiler, el pr\u00e9stamo y la difusi\u00f3n de los contenidos sin la autorizaci\u00f3n de Casadei Industria Wood S.r.l., excepto en los casos indicados en el apartado siguiente.<\/p>\n\n\n\n<p>Los elementos gr\u00e1ficos y el c\u00f3digo HTML\/XHTML deben considerarse propiedad exclusiva de Casadei Industria Wood S.r.l.<\/p>\n\n\n\n<p><strong><em>2. Exclusi\u00f3n parcial de la prohibici\u00f3n de reproducci\u00f3n de contenidos<\/em><\/strong><\/p>\n\n\n\n<p>Los contenidos presentes en el sitio web pueden reproducirse parcialmente en sitios web, boletines o soportes digitales y en papel de terceros en forma de res\u00famenes, siempre que:<\/p>\n\n\n\n<ul class=\"wp-block-list\">\n<li>el contenido reproducido no supere el 15&nbsp;% de los caracteres del art\u00edculo original;<\/li>\n\n\n\n<li>exista un enlace claro y bien visible hacia el art\u00edculo original publicado;<\/li>\n\n\n\n<li>se indique claramente el nombre del autor original.<\/li>\n<\/ul>\n\n\n\n<p><strong><em>3. Responsabilidad<\/em><\/strong><\/p>\n\n\n\n<p>Casadei Industria Wood S.r.l. no es responsable de los da\u00f1os causados, directa o indirectamente, por el uso de la informaci\u00f3n (ofrecida seg\u00fan la f\u00f3rmula \u00abas-is\u00bb) presente en el sitio web.<\/p>\n\n\n\n<p>Para los contenidos que no son propiedad de Casadei Industria Wood S.r.l., se ejerce el derecho de cita en los t\u00e9rminos establecidos en los art\u00edculos 70, apartado 1, 70, apartado 1 bis y 70, apartado 3, de la Ley italiana n.\u00ba 633 de 22 de abril de 1941. En particular, todas las marcas mencionadas y los logotipos reproducidos en el sitio web pertenecen a sus leg\u00edtimos propietarios. Estas marcas se citan \u00fanicamente con fines informativos.<\/p>\n\n\n\n<p><strong><em>4. Malware<\/em><\/strong><\/p>\n\n\n\n<p>A pesar del control peri\u00f3dico de este sitio web, Casadei Industria Wood S.r.l. no puede garantizar que el mismo est\u00e9 libre de virus u otros programas potencialmente da\u00f1inos. Antes de acceder a la red y realizar cualquier operaci\u00f3n durante la navegaci\u00f3n, el usuario siempre debe adoptar las medidas de seguridad m\u00e1s actualizadas en relaci\u00f3n con las cuales ser\u00e1 el \u00fanico y exclusivo responsable.<\/p>\n","protected":false},"excerpt":{"rendered":"<p>1. Copyright Los contenidos publicados en este sitio web, a menos que se indique expresamente lo contrario, est\u00e1n protegidos por la legislaci\u00f3n vigente en materia de protecci\u00f3n de los derechos de autor y no pueden replicarse en otros sitios web, listas de correo, boletines informativos, revistas en papel u otros medios no indicados, sin la [&hellip;]<\/p>\n","protected":false},"author":1,"featured_media":0,"parent":0,"menu_order":0,"comment_status":"closed","ping_status":"closed","template":"","meta":{"_acf_changed":false,"inline_featured_image":false,"footnotes":""},"class_list":["post-1679","page","type-page","status-publish","hentry"],"acf":[],"yoast_head":"<!-- This site is optimized with the Yoast SEO plugin v24.0 - https:\/\/yoast.com\/wordpress\/plugins\/seo\/ -->\n<title>Notas legales - Casadei Industria<\/title>\n<meta name=\"robots\" content=\"index, follow, max-snippet:-1, max-image-preview:large, max-video-preview:-1\" \/>\n<link rel=\"canonical\" href=\"https:\/\/www.casadei-industria.com\/es\/notas-legales\/\" \/>\n<meta property=\"og:locale\" content=\"es_ES\" \/>\n<meta property=\"og:type\" content=\"article\" \/>\n<meta property=\"og:title\" content=\"Notas legales - Casadei Industria\" \/>\n<meta property=\"og:description\" content=\"1. Copyright Los contenidos publicados en este sitio web, a menos que se indique expresamente lo contrario, est\u00e1n protegidos por la legislaci\u00f3n vigente en materia de protecci\u00f3n de los derechos de autor y no pueden replicarse en otros sitios web, listas de correo, boletines informativos, revistas en papel u otros medios no indicados, sin la [&hellip;]\" \/>\n<meta property=\"og:url\" content=\"https:\/\/www.casadei-industria.com\/es\/notas-legales\/\" \/>\n<meta property=\"og:site_name\" content=\"Casadei Industria\" \/>\n<meta property=\"article:modified_time\" content=\"2024-02-28T11:17:25+00:00\" \/>\n<meta name=\"twitter:card\" content=\"summary_large_image\" \/>\n<meta name=\"twitter:label1\" content=\"Tiempo de lectura\" \/>\n\t<meta name=\"twitter:data1\" content=\"3 minutos\" \/>\n<script type=\"application\/ld+json\" class=\"yoast-schema-graph\">{\"@context\":\"https:\/\/schema.org\",\"@graph\":[{\"@type\":\"WebPage\",\"@id\":\"https:\/\/www.casadei-industria.com\/es\/notas-legales\/\",\"url\":\"https:\/\/www.casadei-industria.com\/es\/notas-legales\/\",\"name\":\"Notas legales - Casadei Industria\",\"isPartOf\":{\"@id\":\"https:\/\/www.casadei-industria.com\/de\/#website\"},\"datePublished\":\"2024-01-26T09:00:03+00:00\",\"dateModified\":\"2024-02-28T11:17:25+00:00\",\"breadcrumb\":{\"@id\":\"https:\/\/www.casadei-industria.com\/es\/notas-legales\/#breadcrumb\"},\"inLanguage\":\"es\",\"potentialAction\":[{\"@type\":\"ReadAction\",\"target\":[\"https:\/\/www.casadei-industria.com\/es\/notas-legales\/\"]}]},{\"@type\":\"BreadcrumbList\",\"@id\":\"https:\/\/www.casadei-industria.com\/es\/notas-legales\/#breadcrumb\",\"itemListElement\":[{\"@type\":\"ListItem\",\"position\":1,\"name\":\"Home\",\"item\":\"https:\/\/www.casadei-industria.com\/es\/\"},{\"@type\":\"ListItem\",\"position\":2,\"name\":\"Notas legales\"}]},{\"@type\":\"WebSite\",\"@id\":\"https:\/\/www.casadei-industria.com\/de\/#website\",\"url\":\"https:\/\/www.casadei-industria.com\/de\/\",\"name\":\"Casadei Industria\",\"description\":\"\",\"publisher\":{\"@id\":\"https:\/\/www.casadei-industria.com\/de\/#organization\"},\"potentialAction\":[{\"@type\":\"SearchAction\",\"target\":{\"@type\":\"EntryPoint\",\"urlTemplate\":\"https:\/\/www.casadei-industria.com\/de\/?s={search_term_string}\"},\"query-input\":{\"@type\":\"PropertyValueSpecification\",\"valueRequired\":true,\"valueName\":\"search_term_string\"}}],\"inLanguage\":\"es\"},{\"@type\":\"Organization\",\"@id\":\"https:\/\/www.casadei-industria.com\/de\/#organization\",\"name\":\"Casadei Industria\",\"url\":\"https:\/\/www.casadei-industria.com\/de\/\",\"logo\":{\"@type\":\"ImageObject\",\"inLanguage\":\"es\",\"@id\":\"https:\/\/www.casadei-industria.com\/de\/#\/schema\/logo\/image\/\",\"url\":\"https:\/\/www.casadei-industria.com\/wp-content\/uploads\/2025\/02\/Casadei-Industria-Logo-vettoriale-2.svg\",\"contentUrl\":\"https:\/\/www.casadei-industria.com\/wp-content\/uploads\/2025\/02\/Casadei-Industria-Logo-vettoriale-2.svg\",\"width\":100,\"height\":100,\"caption\":\"Casadei Industria\"},\"image\":{\"@id\":\"https:\/\/www.casadei-industria.com\/de\/#\/schema\/logo\/image\/\"}}]}<\/script>\n<!-- \/ Yoast SEO plugin. -->","yoast_head_json":{"title":"Notas legales - Casadei Industria","robots":{"index":"index","follow":"follow","max-snippet":"max-snippet:-1","max-image-preview":"max-image-preview:large","max-video-preview":"max-video-preview:-1"},"canonical":"https:\/\/www.casadei-industria.com\/es\/notas-legales\/","og_locale":"es_ES","og_type":"article","og_title":"Notas legales - Casadei Industria","og_description":"1. Copyright Los contenidos publicados en este sitio web, a menos que se indique expresamente lo contrario, est\u00e1n protegidos por la legislaci\u00f3n vigente en materia de protecci\u00f3n de los derechos de autor y no pueden replicarse en otros sitios web, listas de correo, boletines informativos, revistas en papel u otros medios no indicados, sin la [&hellip;]","og_url":"https:\/\/www.casadei-industria.com\/es\/notas-legales\/","og_site_name":"Casadei Industria","article_modified_time":"2024-02-28T11:17:25+00:00","twitter_card":"summary_large_image","twitter_misc":{"Tiempo de lectura":"3 minutos"},"schema":{"@context":"https:\/\/schema.org","@graph":[{"@type":"WebPage","@id":"https:\/\/www.casadei-industria.com\/es\/notas-legales\/","url":"https:\/\/www.casadei-industria.com\/es\/notas-legales\/","name":"Notas legales - Casadei Industria","isPartOf":{"@id":"https:\/\/www.casadei-industria.com\/de\/#website"},"datePublished":"2024-01-26T09:00:03+00:00","dateModified":"2024-02-28T11:17:25+00:00","breadcrumb":{"@id":"https:\/\/www.casadei-industria.com\/es\/notas-legales\/#breadcrumb"},"inLanguage":"es","potentialAction":[{"@type":"ReadAction","target":["https:\/\/www.casadei-industria.com\/es\/notas-legales\/"]}]},{"@type":"BreadcrumbList","@id":"https:\/\/www.casadei-industria.com\/es\/notas-legales\/#breadcrumb","itemListElement":[{"@type":"ListItem","position":1,"name":"Home","item":"https:\/\/www.casadei-industria.com\/es\/"},{"@type":"ListItem","position":2,"name":"Notas legales"}]},{"@type":"WebSite","@id":"https:\/\/www.casadei-industria.com\/de\/#website","url":"https:\/\/www.casadei-industria.com\/de\/","name":"Casadei Industria","description":"","publisher":{"@id":"https:\/\/www.casadei-industria.com\/de\/#organization"},"potentialAction":[{"@type":"SearchAction","target":{"@type":"EntryPoint","urlTemplate":"https:\/\/www.casadei-industria.com\/de\/?s={search_term_string}"},"query-input":{"@type":"PropertyValueSpecification","valueRequired":true,"valueName":"search_term_string"}}],"inLanguage":"es"},{"@type":"Organization","@id":"https:\/\/www.casadei-industria.com\/de\/#organization","name":"Casadei Industria","url":"https:\/\/www.casadei-industria.com\/de\/","logo":{"@type":"ImageObject","inLanguage":"es","@id":"https:\/\/www.casadei-industria.com\/de\/#\/schema\/logo\/image\/","url":"https:\/\/www.casadei-industria.com\/wp-content\/uploads\/2025\/02\/Casadei-Industria-Logo-vettoriale-2.svg","contentUrl":"https:\/\/www.casadei-industria.com\/wp-content\/uploads\/2025\/02\/Casadei-Industria-Logo-vettoriale-2.svg","width":100,"height":100,"caption":"Casadei Industria"},"image":{"@id":"https:\/\/www.casadei-industria.com\/de\/#\/schema\/logo\/image\/"}}]}},"_links":{"self":[{"href":"https:\/\/www.casadei-industria.com\/es\/wp-json\/wp\/v2\/pages\/1679","targetHints":{"allow":["GET"]}}],"collection":[{"href":"https:\/\/www.casadei-industria.com\/es\/wp-json\/wp\/v2\/pages"}],"about":[{"href":"https:\/\/www.casadei-industria.com\/es\/wp-json\/wp\/v2\/types\/page"}],"author":[{"embeddable":true,"href":"https:\/\/www.casadei-industria.com\/es\/wp-json\/wp\/v2\/users\/1"}],"replies":[{"embeddable":true,"href":"https:\/\/www.casadei-industria.com\/es\/wp-json\/wp\/v2\/comments?post=1679"}],"version-history":[{"count":2,"href":"https:\/\/www.casadei-industria.com\/es\/wp-json\/wp\/v2\/pages\/1679\/revisions"}],"predecessor-version":[{"id":1791,"href":"https:\/\/www.casadei-industria.com\/es\/wp-json\/wp\/v2\/pages\/1679\/revisions\/1791"}],"wp:attachment":[{"href":"https:\/\/www.casadei-industria.com\/es\/wp-json\/wp\/v2\/media?parent=1679"}],"curies":[{"name":"wp","href":"https:\/\/api.w.org\/{rel}","templated":true}]}}