
{"id":954,"date":"2023-12-20T15:59:19","date_gmt":"2023-12-20T14:59:19","guid":{"rendered":"http:\/\/casadei-industria.retinatest.it\/privacy-policy\/"},"modified":"2024-02-28T11:52:15","modified_gmt":"2024-02-28T10:52:15","slug":"privacy-policy","status":"publish","type":"page","link":"https:\/\/www.casadei-industria.com\/es\/privacy-policy\/","title":{"rendered":"Pol\u00edtica de Privacidad"},"content":{"rendered":"\n<p><strong><em>1. Informaci\u00f3n general<\/em><\/strong><\/p>\n\n\n\n<p>Su privacidad es muy importante para Casadei Industria Wood S.r.l. y, para protegerle al m\u00e1ximo, le facilitamos estas notas en las que encontrar\u00e1 indicaciones sobre el tipo de informaci\u00f3n recogida en l\u00ednea y las diversas posibilidades que tiene de intervenir en la recogida y el uso de dicha informaci\u00f3n en el sitio web.<\/p>\n\n\n\n<p>Este documento representa una declaraci\u00f3n expedida de conformidad con el art. 13 del Reglamento de la UE n.\u00ba 2016\/679 (conocido como \u00abRGPD\u00bb) del Parlamento Europeo y del Consejo de 27 de abril de 2016 \u00abrelativo a la protecci\u00f3n de las personas f\u00edsicas en lo que respecta al tratamiento de datos personales y a la libre circulaci\u00f3n de estos datos y por el que se deroga la Directiva 95\/46\/CE (Reglamento general de protecci\u00f3n de datos)\u00bb a quienes interact\u00faan con los servicios web de Casadei Industria Wood S.r.l., accesibles por v\u00eda telem\u00e1tica desde el sitio web.<\/p>\n\n\n\n<p>Esta declaraci\u00f3n tambi\u00e9n presenta, como referencia normativa espec\u00edfica italiana, la disposici\u00f3n del Garante nacional para la protecci\u00f3n de datos personales n.\u00ba 229 del 8 de mayo de 2014 \u00abidentificaci\u00f3n de los procedimientos simplificados para la informaci\u00f3n y la adquisici\u00f3n del consentimiento para el uso de cookies \u2013 8 de mayo de 2014\u00bb, seg\u00fan lo publicado en el Bolet\u00edn Oficial italiano n.\u00ba 126 del 3 de junio de 2014 y las aclaraciones relacionadas en el siguiente enlace:<\/p>\n\n\n\n<p><a href=\"http:\/\/www.garanteprivacy.it\/web\/guest\/home\/docweb\/-\/docweb-display\/docweb\/4006878\">http:\/\/www.garanteprivacy.it\/web\/guest\/home\/docweb\/-\/docweb-display\/docweb\/4006878<\/a><\/p>\n\n\n\n<p>Esta informaci\u00f3n se proporciona solo para el sitio web de Casadei Industria Wood S.r.l. y no para otros sitios web que el usuario pueda consultar a trav\u00e9s de enlaces.<\/p>\n\n\n\n<p>El Responsable del tratamiento de los datos personales recogidos por el sitio web es Casadei Industria Wood S.r.l. (en adelante, \u00abResponsable del tratamiento\u00bb o tambi\u00e9n solo \u00abResponsable\u00bb) con sede legal en via Guardia di Rocca, 14 47899 Galazzano \u2013 Serravalle Repubblica San Marino en la persona de su representante legal pro-tempore.<\/p>\n\n\n\n<p>Se puede contactar con el Responsable a trav\u00e9s de la siguiente direcci\u00f3n de correo electr\u00f3nico <a href=\"mailto:privacy@casadeiwood.com\">privacy@casadeiwood.com<\/a> o por correo postal, enviando una comunicaci\u00f3n a la direcci\u00f3n indicada anteriormente o al siguiente n\u00famero de tel\u00e9fono 0549 960011<\/p>\n\n\n\n<p><strong><em>2. Naturaleza de los datos<\/em><\/strong><\/p>\n\n\n\n<p>Datos de navegaci\u00f3n<\/p>\n\n\n\n<p>Los sistemas inform\u00e1ticos y los procedimientos de software utilizados para el funcionamiento de este sitio web adquieren, durante su funcionamiento normal, algunos datos personales cuya transmisi\u00f3n est\u00e1 impl\u00edcita en el uso de los protocolos de comunicaci\u00f3n de Internet. Se trata de informaci\u00f3n que no se recoge para asociarla con interesados identificados, pero que por su propia naturaleza podr\u00eda, a trav\u00e9s del tratamiento y la asociaci\u00f3n con datos en poder de terceros, permitir la identificaci\u00f3n de los usuarios.<\/p>\n\n\n\n<p>En esta categor\u00eda de datos se incluyen las direcciones IP o los nombres de dominio de los ordenadores utilizados por los usuarios que se conectan al sitio, las direcciones URI (denominadas \u00abUniform Resource Identifier\u00bb) de los recursos solicitados, la hora de la solicitud, el m\u00e9todo utilizado para enviar la solicitud al servidor, el tama\u00f1o del archivo obtenido en respuesta, el c\u00f3digo num\u00e9rico que indica el estado de la respuesta dada por el servidor (resultado satisfactorio, error, etc.) y otros par\u00e1metros relativos al sistema operativo y al entorno inform\u00e1tico del usuario.<\/p>\n\n\n\n<p>Estos datos se utilizan con el \u00fanico fin de obtener informaci\u00f3n estad\u00edstica an\u00f3nima sobre el uso del sitio y para controlar su correcto funcionamiento. Los datos podr\u00edan utilizarse para determinar la responsabilidad en caso de hipot\u00e9ticos delitos inform\u00e1ticos contra el sitio solo a petici\u00f3n de los \u00f3rganos de supervisi\u00f3n competentes.<\/p>\n\n\n\n<p>Datos recogidos mediante cookies<\/p>\n\n\n\n<p>Una \u00abcookie\u00bb es un peque\u00f1o archivo de texto transferido desde el servidor web al ordenador del usuario, cuyo objetivo es informar al servidor sobre los accesos del usuario a esa p\u00e1gina web en particular, y de cualquier otra informaci\u00f3n que obtenga de los par\u00e1metros legibles del sistema a trav\u00e9s de las funciones contenidas en la p\u00e1gina web.<\/p>\n\n\n\n<p>Las cookies pueden ser \u00abtemporales\u00bb (o de sesi\u00f3n, se eliminan al final del enlace) o \u00abpermanentes\u00bb (permanecen almacenadas en el disco duro del usuario, a menos que el usuario las elimine).<\/p>\n\n\n\n<p>Las cookies persistentes solo pueden conservar datos de identificaci\u00f3n personal en caso de que el usuario se haya registrado o haya dado su consentimiento para conservar los datos de identificaci\u00f3n personal introducidos en el propio sitio. De lo contrario, el servidor del Responsable solo reconoce que un visitante no identificado, con esa cookie en particular, ha regresado al sitio. Estos datos no se comunican a terceros y no se difunden. El usuario tiene la posibilidad, en funci\u00f3n del navegador utilizado, de deshabilitar o aceptar de forma selectiva el uso de cookies: en este caso, la navegaci\u00f3n podr\u00eda no ser igualmente c\u00f3moda, algunas funciones del sitio podr\u00edan no estar disponibles y algunas p\u00e1ginas web podr\u00edan visualizarse de forma incorrecta. Para obtener la informaci\u00f3n completa sobre las cookies, consulte la pol\u00edtica de cookies correspondiente.<\/p>\n\n\n\n<p>Datos proporcionados voluntariamente por el usuario<\/p>\n\n\n\n<p>El env\u00edo opcional, expl\u00edcito y voluntario de comunicaciones de correo electr\u00f3nico a las direcciones presentes en el sitio web o a trav\u00e9s de los formularios de contacto o las llamadas realizadas al punto de contacto de la empresa implican el tratamiento posterior de los datos necesarios para tratar la solicitud de informaci\u00f3n del usuario. Se invita a los usuarios a no enviar nombres u otros datos personales de terceros que no sean estrictamente necesarios, recurriendo m\u00e1s bien, cuando sea posible, a nombres ficticios.<\/p>\n\n\n\n<p><strong><em>2. Finalidad del tratamiento de los datos personales y bases jur\u00eddicas<\/em><\/strong><\/p>\n\n\n\n<p>Los datos personales recogidos con respecto al usuario se tratan con las siguientes fines y de conformidad con los siguientes fundamentos jur\u00eddicos:<\/p>\n\n\n\n<figure class=\"wp-block-table\"><table><tbody><tr><td><strong>Tipo de datos<\/strong><\/td><td><strong>Fines<\/strong><\/td><td><strong>Fundamento jur\u00eddico<\/strong><\/td><\/tr><tr><td>Datos de identificaci\u00f3n y contacto (nombre, direcci\u00f3n de correo electr\u00f3nico) &nbsp; Cualquier otra informaci\u00f3n contenida en el mensaje<\/td><td>Evasi\u00f3n y respuesta a las solicitudes de informaci\u00f3n dirigidas a los usuarios que lo soliciten<\/td><td>Consentimiento expl\u00edcito, libre y espec\u00edfico expresado en la parte inferior del formulario de contacto. El Responsable del tratamiento trata los datos personales para estos fines en funci\u00f3n de su inter\u00e9s leg\u00edtimo en responder a las solicitudes de informaci\u00f3n de los usuarios interesados en los productos ofrecidos.<\/td><\/tr><tr><td>Datos de identificaci\u00f3n y contacto (correo electr\u00f3nico, nombre, n\u00famero de tel\u00e9fono)<\/td><td>Mercadotecnia directa y boletines informativos peri\u00f3dicos sobre promociones o iniciativas comerciales &nbsp; &nbsp;<\/td><td>Consentimiento expl\u00edcito, libre y espec\u00edfico expresado en la parte inferior del formulario de contacto y registro, as\u00ed como en el formulario dedicado al bolet\u00edn informativo presente en el sitio &nbsp;<\/td><\/tr><tr><td>Datos de navegaci\u00f3n y datos recogidos por cookies de terceros<\/td><td>Seguimiento, an\u00e1lisis del tr\u00e1fico en el sitio web y elaboraci\u00f3n de estad\u00edsticas<\/td><td>Consentimiento expl\u00edcito, libre y espec\u00edfico expresado mediante la herramienta de opci\u00f3n de cookies presente en el sitio web. El usuario puede, libremente y en cualquier momento, optar por no participar en estas modalidades publicitarias mediante la exclusi\u00f3n voluntaria.<\/td><\/tr><tr><td>Datos de navegaci\u00f3n<\/td><td>Defensa ante los tribunales contra abusos en el uso del sitio web Mantenimiento ordinario del sitio y supervisi\u00f3n del funcionamiento<\/td><td>Inter\u00e9s leg\u00edtimo del Responsable del tratamiento<\/td><\/tr><\/tbody><\/table><\/figure>\n\n\n\n<p><strong><em>4. Modalidad, lugar de tratamiento<\/em><\/strong><\/p>\n\n\n\n<p>Los datos personales se tratan con herramientas automatizadas durante el tiempo estrictamente necesario para lograr los fines para los que se han recogido. Se observan medidas de seguridad espec\u00edficas para evitar la p\u00e9rdida de datos, el uso il\u00edcito o incorrecto y el acceso no autorizado.<\/p>\n\n\n\n<p>Los tratamientos relacionados con los servicios web de este sitio (alojados f\u00edsicamente en los servidores propiedad de Aruba) se llevan a cabo en la sede de la Sociedad propietaria de los servidores en nombre y por cuenta de la Sociedad Responsable del tratamiento y son realizados \u00fanicamente por empleados, colaboradores autorizados, as\u00ed como por eventuales encargados de operaciones ocasionales de mantenimiento.&nbsp; Adem\u00e1s del Responsable, en algunos casos pueden tener acceso a los Datos otras personas involucradas en la organizaci\u00f3n de este Sitio web o entidades externas (como proveedores de servicios t\u00e9cnicos de terceros, mensajeros postales, proveedores de alojamiento, empresas inform\u00e1ticas, agencias de comunicaci\u00f3n) designadas tambi\u00e9n, si es necesario, como Encargados del tratamiento por parte del Responsable. La lista actualizada de los Encargados siempre se puede solicitar al Responsable del tratamiento.<\/p>\n\n\n\n<p>Los Datos personales del Usuario podr\u00edan transferirse a un pa\u00eds diferente del que se encuentra el Usuario. &nbsp;El Usuario tiene derecho a obtener informaci\u00f3n sobre la base legal de la transferencia de Datos fuera de la Uni\u00f3n Europea o a una organizaci\u00f3n internacional, as\u00ed como sobre las medidas de seguridad adoptadas por el Responsable para proteger los Datos.<\/p>\n\n\n\n<p><strong><em>5. Menores de edad<\/em><\/strong><\/p>\n\n\n\n<p>De conformidad con lo dispuesto en el art. 8 del RGPD, ninguna persona menor de 16 a\u00f1os, sin el consentimiento previo de sus padres o tutores, podr\u00e1 enviar informaci\u00f3n a este sitio web, ni tampoco podr\u00e1 realizar compras o perfeccionar actos legales en este sitio sin el consentimiento mencionado, a menos que lo permita la normativa vigente.<\/p>\n\n\n\n<p><strong><em>6. Plazo de conservaci\u00f3n de los datos&nbsp;o criterio<\/em><\/strong><\/p>\n\n\n\n<p>Los datos son objeto de tratamiento durante el plazo estrictamente necesario para lograr los fines para los que se han recogido:<\/p>\n\n\n\n<p>\u2013 los datos personales recogidos para fines relacionados con la ejecuci\u00f3n de un contrato entre el Responsable y el Usuario se conservar\u00e1n hasta que se complete la ejecuci\u00f3n de dicho contrato,<\/p>\n\n\n\n<p>\u2013 los datos personales recogidos para fines relacionados con el inter\u00e9s leg\u00edtimo del Responsable se conservar\u00e1n hasta la satisfacci\u00f3n de dicho inter\u00e9s,<\/p>\n\n\n\n<p>\u2013 los datos personales recogidos sobre la base del consentimiento del usuario se conservan hasta que dicho consentimiento se retire.<\/p>\n\n\n\n<p>El Responsable podr\u00eda estar obligado a conservar los datos personales durante un plazo m\u00e1s largo por una obligaci\u00f3n de ley o por orden de una autoridad.<\/p>\n\n\n\n<p>Al final del plazo de conservaci\u00f3n, los datos personales se eliminar\u00e1n. Por lo tanto, una vez que finaliza dicho plazo, el derecho de acceso, supresi\u00f3n, rectificaci\u00f3n y el derecho a la portabilidad de los datos no se podr\u00e1n ejercer m\u00e1s.<\/p>\n\n\n\n<p><strong><em>7. Derechos de los interesados<\/em><\/strong><\/p>\n\n\n\n<p>Los sujetos a los que se refieren los datos personales tienen derecho en cualquier momento a obtener la confirmaci\u00f3n de la existencia o no de dichos datos y a conocer su contenido y origen, verificar su exactitud o solicitar su integraci\u00f3n, actualizaci\u00f3n o correcci\u00f3n. Tambi\u00e9n tiene derecho a solicitar la supresi\u00f3n o la transformaci\u00f3n en forma an\u00f3nima o la limitaci\u00f3n o el bloqueo de los datos tratados en violaci\u00f3n de la ley, as\u00ed como a revocar u oponerse en cualquier caso, por motivos leg\u00edtimos, a su tratamiento. El usuario tiene derecho a retirar el consentimiento prestado en cualquier momento sin perjuicio de los tratamientos realizados con anterioridad.<\/p>\n\n\n\n<p>Cualquier persona que tenga dudas sobre el cumplimiento de la pol\u00edtica de protecci\u00f3n de la privacidad adoptada por Casadei Industria Wood S.r.l., su aplicaci\u00f3n, la exactitud de sus datos personales o el uso de la informaci\u00f3n recogida, puede ponerse en contacto con el Responsable del tratamiento a trav\u00e9s de una comunicaci\u00f3n por escrito a las direcciones indicadas anteriormente.<\/p>\n","protected":false},"excerpt":{"rendered":"<p>1. Informaci\u00f3n general Su privacidad es muy importante para Casadei Industria Wood S.r.l. y, para protegerle al m\u00e1ximo, le facilitamos estas notas en las que encontrar\u00e1 indicaciones sobre el tipo de informaci\u00f3n recogida en l\u00ednea y las diversas posibilidades que tiene de intervenir en la recogida y el uso de dicha informaci\u00f3n en el sitio [&hellip;]<\/p>\n","protected":false},"author":1,"featured_media":0,"parent":0,"menu_order":0,"comment_status":"closed","ping_status":"closed","template":"","meta":{"_acf_changed":false,"inline_featured_image":false,"footnotes":""},"class_list":["post-954","page","type-page","status-publish","hentry"],"acf":[],"yoast_head":"<!-- This site is optimized with the Yoast SEO plugin v24.0 - https:\/\/yoast.com\/wordpress\/plugins\/seo\/ -->\n<title>Pol\u00edtica de Privacidad - Casadei Industria<\/title>\n<meta name=\"robots\" content=\"index, follow, max-snippet:-1, max-image-preview:large, max-video-preview:-1\" \/>\n<link rel=\"canonical\" href=\"https:\/\/www.casadei-industria.com\/es\/privacy-policy\/\" \/>\n<meta property=\"og:locale\" content=\"es_ES\" \/>\n<meta property=\"og:type\" content=\"article\" \/>\n<meta property=\"og:title\" content=\"Pol\u00edtica de Privacidad - Casadei Industria\" \/>\n<meta property=\"og:description\" content=\"1. Informaci\u00f3n general Su privacidad es muy importante para Casadei Industria Wood S.r.l. y, para protegerle al m\u00e1ximo, le facilitamos estas notas en las que encontrar\u00e1 indicaciones sobre el tipo de informaci\u00f3n recogida en l\u00ednea y las diversas posibilidades que tiene de intervenir en la recogida y el uso de dicha informaci\u00f3n en el sitio [&hellip;]\" \/>\n<meta property=\"og:url\" content=\"https:\/\/www.casadei-industria.com\/es\/privacy-policy\/\" \/>\n<meta property=\"og:site_name\" content=\"Casadei Industria\" \/>\n<meta property=\"article:modified_time\" content=\"2024-02-28T10:52:15+00:00\" \/>\n<meta name=\"twitter:card\" content=\"summary_large_image\" \/>\n<meta name=\"twitter:label1\" content=\"Tiempo de lectura\" \/>\n\t<meta name=\"twitter:data1\" content=\"10 minutos\" \/>\n<script type=\"application\/ld+json\" class=\"yoast-schema-graph\">{\"@context\":\"https:\/\/schema.org\",\"@graph\":[{\"@type\":\"WebPage\",\"@id\":\"https:\/\/www.casadei-industria.com\/es\/privacy-policy\/\",\"url\":\"https:\/\/www.casadei-industria.com\/es\/privacy-policy\/\",\"name\":\"Pol\u00edtica de Privacidad - Casadei Industria\",\"isPartOf\":{\"@id\":\"https:\/\/www.casadei-industria.com\/de\/#website\"},\"datePublished\":\"2023-12-20T14:59:19+00:00\",\"dateModified\":\"2024-02-28T10:52:15+00:00\",\"breadcrumb\":{\"@id\":\"https:\/\/www.casadei-industria.com\/es\/privacy-policy\/#breadcrumb\"},\"inLanguage\":\"es\",\"potentialAction\":[{\"@type\":\"ReadAction\",\"target\":[\"https:\/\/www.casadei-industria.com\/es\/privacy-policy\/\"]}]},{\"@type\":\"BreadcrumbList\",\"@id\":\"https:\/\/www.casadei-industria.com\/es\/privacy-policy\/#breadcrumb\",\"itemListElement\":[{\"@type\":\"ListItem\",\"position\":1,\"name\":\"Home\",\"item\":\"https:\/\/www.casadei-industria.com\/es\/\"},{\"@type\":\"ListItem\",\"position\":2,\"name\":\"Pol\u00edtica de Privacidad\"}]},{\"@type\":\"WebSite\",\"@id\":\"https:\/\/www.casadei-industria.com\/de\/#website\",\"url\":\"https:\/\/www.casadei-industria.com\/de\/\",\"name\":\"Casadei Industria\",\"description\":\"\",\"publisher\":{\"@id\":\"https:\/\/www.casadei-industria.com\/de\/#organization\"},\"potentialAction\":[{\"@type\":\"SearchAction\",\"target\":{\"@type\":\"EntryPoint\",\"urlTemplate\":\"https:\/\/www.casadei-industria.com\/de\/?s={search_term_string}\"},\"query-input\":{\"@type\":\"PropertyValueSpecification\",\"valueRequired\":true,\"valueName\":\"search_term_string\"}}],\"inLanguage\":\"es\"},{\"@type\":\"Organization\",\"@id\":\"https:\/\/www.casadei-industria.com\/de\/#organization\",\"name\":\"Casadei Industria\",\"url\":\"https:\/\/www.casadei-industria.com\/de\/\",\"logo\":{\"@type\":\"ImageObject\",\"inLanguage\":\"es\",\"@id\":\"https:\/\/www.casadei-industria.com\/de\/#\/schema\/logo\/image\/\",\"url\":\"https:\/\/www.casadei-industria.com\/wp-content\/uploads\/2025\/02\/Casadei-Industria-Logo-vettoriale-2.svg\",\"contentUrl\":\"https:\/\/www.casadei-industria.com\/wp-content\/uploads\/2025\/02\/Casadei-Industria-Logo-vettoriale-2.svg\",\"width\":100,\"height\":100,\"caption\":\"Casadei Industria\"},\"image\":{\"@id\":\"https:\/\/www.casadei-industria.com\/de\/#\/schema\/logo\/image\/\"}}]}<\/script>\n<!-- \/ Yoast SEO plugin. -->","yoast_head_json":{"title":"Pol\u00edtica de Privacidad - Casadei Industria","robots":{"index":"index","follow":"follow","max-snippet":"max-snippet:-1","max-image-preview":"max-image-preview:large","max-video-preview":"max-video-preview:-1"},"canonical":"https:\/\/www.casadei-industria.com\/es\/privacy-policy\/","og_locale":"es_ES","og_type":"article","og_title":"Pol\u00edtica de Privacidad - Casadei Industria","og_description":"1. Informaci\u00f3n general Su privacidad es muy importante para Casadei Industria Wood S.r.l. y, para protegerle al m\u00e1ximo, le facilitamos estas notas en las que encontrar\u00e1 indicaciones sobre el tipo de informaci\u00f3n recogida en l\u00ednea y las diversas posibilidades que tiene de intervenir en la recogida y el uso de dicha informaci\u00f3n en el sitio [&hellip;]","og_url":"https:\/\/www.casadei-industria.com\/es\/privacy-policy\/","og_site_name":"Casadei Industria","article_modified_time":"2024-02-28T10:52:15+00:00","twitter_card":"summary_large_image","twitter_misc":{"Tiempo de lectura":"10 minutos"},"schema":{"@context":"https:\/\/schema.org","@graph":[{"@type":"WebPage","@id":"https:\/\/www.casadei-industria.com\/es\/privacy-policy\/","url":"https:\/\/www.casadei-industria.com\/es\/privacy-policy\/","name":"Pol\u00edtica de Privacidad - Casadei Industria","isPartOf":{"@id":"https:\/\/www.casadei-industria.com\/de\/#website"},"datePublished":"2023-12-20T14:59:19+00:00","dateModified":"2024-02-28T10:52:15+00:00","breadcrumb":{"@id":"https:\/\/www.casadei-industria.com\/es\/privacy-policy\/#breadcrumb"},"inLanguage":"es","potentialAction":[{"@type":"ReadAction","target":["https:\/\/www.casadei-industria.com\/es\/privacy-policy\/"]}]},{"@type":"BreadcrumbList","@id":"https:\/\/www.casadei-industria.com\/es\/privacy-policy\/#breadcrumb","itemListElement":[{"@type":"ListItem","position":1,"name":"Home","item":"https:\/\/www.casadei-industria.com\/es\/"},{"@type":"ListItem","position":2,"name":"Pol\u00edtica de Privacidad"}]},{"@type":"WebSite","@id":"https:\/\/www.casadei-industria.com\/de\/#website","url":"https:\/\/www.casadei-industria.com\/de\/","name":"Casadei Industria","description":"","publisher":{"@id":"https:\/\/www.casadei-industria.com\/de\/#organization"},"potentialAction":[{"@type":"SearchAction","target":{"@type":"EntryPoint","urlTemplate":"https:\/\/www.casadei-industria.com\/de\/?s={search_term_string}"},"query-input":{"@type":"PropertyValueSpecification","valueRequired":true,"valueName":"search_term_string"}}],"inLanguage":"es"},{"@type":"Organization","@id":"https:\/\/www.casadei-industria.com\/de\/#organization","name":"Casadei Industria","url":"https:\/\/www.casadei-industria.com\/de\/","logo":{"@type":"ImageObject","inLanguage":"es","@id":"https:\/\/www.casadei-industria.com\/de\/#\/schema\/logo\/image\/","url":"https:\/\/www.casadei-industria.com\/wp-content\/uploads\/2025\/02\/Casadei-Industria-Logo-vettoriale-2.svg","contentUrl":"https:\/\/www.casadei-industria.com\/wp-content\/uploads\/2025\/02\/Casadei-Industria-Logo-vettoriale-2.svg","width":100,"height":100,"caption":"Casadei Industria"},"image":{"@id":"https:\/\/www.casadei-industria.com\/de\/#\/schema\/logo\/image\/"}}]}},"_links":{"self":[{"href":"https:\/\/www.casadei-industria.com\/es\/wp-json\/wp\/v2\/pages\/954","targetHints":{"allow":["GET"]}}],"collection":[{"href":"https:\/\/www.casadei-industria.com\/es\/wp-json\/wp\/v2\/pages"}],"about":[{"href":"https:\/\/www.casadei-industria.com\/es\/wp-json\/wp\/v2\/types\/page"}],"author":[{"embeddable":true,"href":"https:\/\/www.casadei-industria.com\/es\/wp-json\/wp\/v2\/users\/1"}],"replies":[{"embeddable":true,"href":"https:\/\/www.casadei-industria.com\/es\/wp-json\/wp\/v2\/comments?post=954"}],"version-history":[{"count":5,"href":"https:\/\/www.casadei-industria.com\/es\/wp-json\/wp\/v2\/pages\/954\/revisions"}],"predecessor-version":[{"id":1786,"href":"https:\/\/www.casadei-industria.com\/es\/wp-json\/wp\/v2\/pages\/954\/revisions\/1786"}],"wp:attachment":[{"href":"https:\/\/www.casadei-industria.com\/es\/wp-json\/wp\/v2\/media?parent=954"}],"curies":[{"name":"wp","href":"https:\/\/api.w.org\/{rel}","templated":true}]}}