
{"id":970,"date":"2024-01-11T16:54:02","date_gmt":"2024-01-11T15:54:02","guid":{"rendered":"http:\/\/casadei-industria.retinatest.it\/azienda\/"},"modified":"2024-01-18T17:34:11","modified_gmt":"2024-01-18T16:34:11","slug":"empresa","status":"publish","type":"page","link":"https:\/\/www.casadei-industria.com\/es\/empresa\/","title":{"rendered":"Empresa"},"content":{"rendered":"\n<p>Desde 1994, Casadei Industria Wood, fuerte en la tradici\u00f3n y experiencia adquirida por 3 generaciones que se han dedicado al sector de la maquinaria para la madera, ha logrado desarrollar y producir m\u00e1quinas para chapear paneles de madera cada vez m\u00e1s eficientes, para satisfacer las necesidades de sus clientes, llevando la automatizaci\u00f3n industrial tambi\u00e9n a peque\u00f1os y medianos artesanos.<\/p>\n","protected":false},"excerpt":{"rendered":"<p>Desde 1994, Casadei Industria Wood, fuerte en la tradici\u00f3n y experiencia adquirida por 3 generaciones que se han dedicado al sector de la maquinaria para la madera, ha logrado desarrollar y producir m\u00e1quinas para chapear paneles de madera cada vez m\u00e1s eficientes, para satisfacer las necesidades de sus clientes, llevando la automatizaci\u00f3n industrial tambi\u00e9n a [&hellip;]<\/p>\n","protected":false},"author":1,"featured_media":805,"parent":0,"menu_order":0,"comment_status":"closed","ping_status":"closed","template":"azienda.php","meta":{"_acf_changed":false,"inline_featured_image":false,"footnotes":""},"class_list":["post-970","page","type-page","status-publish","has-post-thumbnail","hentry"],"acf":[],"yoast_head":"<!-- This site is optimized with the Yoast SEO plugin v24.0 - https:\/\/yoast.com\/wordpress\/plugins\/seo\/ -->\n<title>Empresa - Casadei Industria<\/title>\n<meta name=\"robots\" content=\"index, follow, max-snippet:-1, max-image-preview:large, max-video-preview:-1\" \/>\n<link rel=\"canonical\" href=\"https:\/\/www.casadei-industria.com\/azienda\/\" \/>\n<meta property=\"og:locale\" content=\"es_ES\" \/>\n<meta property=\"og:type\" content=\"article\" \/>\n<meta property=\"og:title\" content=\"Empresa - Casadei Industria\" \/>\n<meta property=\"og:description\" content=\"Desde 1994, Casadei Industria Wood, fuerte en la tradici\u00f3n y experiencia adquirida por 3 generaciones que se han dedicado al sector de la maquinaria para la madera, ha logrado desarrollar y producir m\u00e1quinas para chapear paneles de madera cada vez m\u00e1s eficientes, para satisfacer las necesidades de sus clientes, llevando la automatizaci\u00f3n industrial tambi\u00e9n a [&hellip;]\" \/>\n<meta property=\"og:url\" content=\"https:\/\/www.casadei-industria.com\/azienda\/\" \/>\n<meta property=\"og:site_name\" content=\"Casadei Industria\" \/>\n<meta property=\"article:modified_time\" content=\"2024-01-18T16:34:11+00:00\" \/>\n<meta property=\"og:image\" content=\"https:\/\/www.casadei-industria.com\/wp-content\/uploads\/2024\/01\/Azienda_01.jpg\" \/>\n\t<meta property=\"og:image:width\" content=\"1920\" \/>\n\t<meta property=\"og:image:height\" content=\"1281\" \/>\n\t<meta property=\"og:image:type\" content=\"image\/jpeg\" \/>\n<meta name=\"twitter:card\" content=\"summary_large_image\" \/>\n<script type=\"application\/ld+json\" class=\"yoast-schema-graph\">{\"@context\":\"https:\/\/schema.org\",\"@graph\":[{\"@type\":\"WebPage\",\"@id\":\"https:\/\/www.casadei-industria.com\/azienda\/\",\"url\":\"https:\/\/www.casadei-industria.com\/azienda\/\",\"name\":\"Empresa - Casadei Industria\",\"isPartOf\":{\"@id\":\"https:\/\/www.casadei-industria.com\/de\/#website\"},\"primaryImageOfPage\":{\"@id\":\"https:\/\/www.casadei-industria.com\/azienda\/#primaryimage\"},\"image\":{\"@id\":\"https:\/\/www.casadei-industria.com\/azienda\/#primaryimage\"},\"thumbnailUrl\":\"https:\/\/www.casadei-industria.com\/wp-content\/uploads\/2024\/01\/Azienda_01.jpg\",\"datePublished\":\"2024-01-11T15:54:02+00:00\",\"dateModified\":\"2024-01-18T16:34:11+00:00\",\"breadcrumb\":{\"@id\":\"https:\/\/www.casadei-industria.com\/azienda\/#breadcrumb\"},\"inLanguage\":\"es\",\"potentialAction\":[{\"@type\":\"ReadAction\",\"target\":[\"https:\/\/www.casadei-industria.com\/azienda\/\"]}]},{\"@type\":\"ImageObject\",\"inLanguage\":\"es\",\"@id\":\"https:\/\/www.casadei-industria.com\/azienda\/#primaryimage\",\"url\":\"https:\/\/www.casadei-industria.com\/wp-content\/uploads\/2024\/01\/Azienda_01.jpg\",\"contentUrl\":\"https:\/\/www.casadei-industria.com\/wp-content\/uploads\/2024\/01\/Azienda_01.jpg\",\"width\":1920,\"height\":1281},{\"@type\":\"BreadcrumbList\",\"@id\":\"https:\/\/www.casadei-industria.com\/azienda\/#breadcrumb\",\"itemListElement\":[{\"@type\":\"ListItem\",\"position\":1,\"name\":\"Home\",\"item\":\"https:\/\/www.casadei-industria.com\/es\/\"},{\"@type\":\"ListItem\",\"position\":2,\"name\":\"Empresa\"}]},{\"@type\":\"WebSite\",\"@id\":\"https:\/\/www.casadei-industria.com\/de\/#website\",\"url\":\"https:\/\/www.casadei-industria.com\/de\/\",\"name\":\"Casadei Industria\",\"description\":\"\",\"publisher\":{\"@id\":\"https:\/\/www.casadei-industria.com\/de\/#organization\"},\"potentialAction\":[{\"@type\":\"SearchAction\",\"target\":{\"@type\":\"EntryPoint\",\"urlTemplate\":\"https:\/\/www.casadei-industria.com\/de\/?s={search_term_string}\"},\"query-input\":{\"@type\":\"PropertyValueSpecification\",\"valueRequired\":true,\"valueName\":\"search_term_string\"}}],\"inLanguage\":\"es\"},{\"@type\":\"Organization\",\"@id\":\"https:\/\/www.casadei-industria.com\/de\/#organization\",\"name\":\"Casadei Industria\",\"url\":\"https:\/\/www.casadei-industria.com\/de\/\",\"logo\":{\"@type\":\"ImageObject\",\"inLanguage\":\"es\",\"@id\":\"https:\/\/www.casadei-industria.com\/de\/#\/schema\/logo\/image\/\",\"url\":\"https:\/\/www.casadei-industria.com\/wp-content\/uploads\/2025\/02\/Casadei-Industria-Logo-vettoriale-2.svg\",\"contentUrl\":\"https:\/\/www.casadei-industria.com\/wp-content\/uploads\/2025\/02\/Casadei-Industria-Logo-vettoriale-2.svg\",\"width\":100,\"height\":100,\"caption\":\"Casadei Industria\"},\"image\":{\"@id\":\"https:\/\/www.casadei-industria.com\/de\/#\/schema\/logo\/image\/\"}}]}<\/script>\n<!-- \/ Yoast SEO plugin. -->","yoast_head_json":{"title":"Empresa - Casadei Industria","robots":{"index":"index","follow":"follow","max-snippet":"max-snippet:-1","max-image-preview":"max-image-preview:large","max-video-preview":"max-video-preview:-1"},"canonical":"https:\/\/www.casadei-industria.com\/azienda\/","og_locale":"es_ES","og_type":"article","og_title":"Empresa - Casadei Industria","og_description":"Desde 1994, Casadei Industria Wood, fuerte en la tradici\u00f3n y experiencia adquirida por 3 generaciones que se han dedicado al sector de la maquinaria para la madera, ha logrado desarrollar y producir m\u00e1quinas para chapear paneles de madera cada vez m\u00e1s eficientes, para satisfacer las necesidades de sus clientes, llevando la automatizaci\u00f3n industrial tambi\u00e9n a [&hellip;]","og_url":"https:\/\/www.casadei-industria.com\/azienda\/","og_site_name":"Casadei Industria","article_modified_time":"2024-01-18T16:34:11+00:00","og_image":[{"width":1920,"height":1281,"url":"https:\/\/www.casadei-industria.com\/wp-content\/uploads\/2024\/01\/Azienda_01.jpg","type":"image\/jpeg"}],"twitter_card":"summary_large_image","schema":{"@context":"https:\/\/schema.org","@graph":[{"@type":"WebPage","@id":"https:\/\/www.casadei-industria.com\/azienda\/","url":"https:\/\/www.casadei-industria.com\/azienda\/","name":"Empresa - Casadei Industria","isPartOf":{"@id":"https:\/\/www.casadei-industria.com\/de\/#website"},"primaryImageOfPage":{"@id":"https:\/\/www.casadei-industria.com\/azienda\/#primaryimage"},"image":{"@id":"https:\/\/www.casadei-industria.com\/azienda\/#primaryimage"},"thumbnailUrl":"https:\/\/www.casadei-industria.com\/wp-content\/uploads\/2024\/01\/Azienda_01.jpg","datePublished":"2024-01-11T15:54:02+00:00","dateModified":"2024-01-18T16:34:11+00:00","breadcrumb":{"@id":"https:\/\/www.casadei-industria.com\/azienda\/#breadcrumb"},"inLanguage":"es","potentialAction":[{"@type":"ReadAction","target":["https:\/\/www.casadei-industria.com\/azienda\/"]}]},{"@type":"ImageObject","inLanguage":"es","@id":"https:\/\/www.casadei-industria.com\/azienda\/#primaryimage","url":"https:\/\/www.casadei-industria.com\/wp-content\/uploads\/2024\/01\/Azienda_01.jpg","contentUrl":"https:\/\/www.casadei-industria.com\/wp-content\/uploads\/2024\/01\/Azienda_01.jpg","width":1920,"height":1281},{"@type":"BreadcrumbList","@id":"https:\/\/www.casadei-industria.com\/azienda\/#breadcrumb","itemListElement":[{"@type":"ListItem","position":1,"name":"Home","item":"https:\/\/www.casadei-industria.com\/es\/"},{"@type":"ListItem","position":2,"name":"Empresa"}]},{"@type":"WebSite","@id":"https:\/\/www.casadei-industria.com\/de\/#website","url":"https:\/\/www.casadei-industria.com\/de\/","name":"Casadei Industria","description":"","publisher":{"@id":"https:\/\/www.casadei-industria.com\/de\/#organization"},"potentialAction":[{"@type":"SearchAction","target":{"@type":"EntryPoint","urlTemplate":"https:\/\/www.casadei-industria.com\/de\/?s={search_term_string}"},"query-input":{"@type":"PropertyValueSpecification","valueRequired":true,"valueName":"search_term_string"}}],"inLanguage":"es"},{"@type":"Organization","@id":"https:\/\/www.casadei-industria.com\/de\/#organization","name":"Casadei Industria","url":"https:\/\/www.casadei-industria.com\/de\/","logo":{"@type":"ImageObject","inLanguage":"es","@id":"https:\/\/www.casadei-industria.com\/de\/#\/schema\/logo\/image\/","url":"https:\/\/www.casadei-industria.com\/wp-content\/uploads\/2025\/02\/Casadei-Industria-Logo-vettoriale-2.svg","contentUrl":"https:\/\/www.casadei-industria.com\/wp-content\/uploads\/2025\/02\/Casadei-Industria-Logo-vettoriale-2.svg","width":100,"height":100,"caption":"Casadei Industria"},"image":{"@id":"https:\/\/www.casadei-industria.com\/de\/#\/schema\/logo\/image\/"}}]}},"_links":{"self":[{"href":"https:\/\/www.casadei-industria.com\/es\/wp-json\/wp\/v2\/pages\/970","targetHints":{"allow":["GET"]}}],"collection":[{"href":"https:\/\/www.casadei-industria.com\/es\/wp-json\/wp\/v2\/pages"}],"about":[{"href":"https:\/\/www.casadei-industria.com\/es\/wp-json\/wp\/v2\/types\/page"}],"author":[{"embeddable":true,"href":"https:\/\/www.casadei-industria.com\/es\/wp-json\/wp\/v2\/users\/1"}],"replies":[{"embeddable":true,"href":"https:\/\/www.casadei-industria.com\/es\/wp-json\/wp\/v2\/comments?post=970"}],"version-history":[{"count":4,"href":"https:\/\/www.casadei-industria.com\/es\/wp-json\/wp\/v2\/pages\/970\/revisions"}],"predecessor-version":[{"id":1268,"href":"https:\/\/www.casadei-industria.com\/es\/wp-json\/wp\/v2\/pages\/970\/revisions\/1268"}],"wp:featuredmedia":[{"embeddable":true,"href":"https:\/\/www.casadei-industria.com\/es\/wp-json\/wp\/v2\/media\/805"}],"wp:attachment":[{"href":"https:\/\/www.casadei-industria.com\/es\/wp-json\/wp\/v2\/media?parent=970"}],"curies":[{"name":"wp","href":"https:\/\/api.w.org\/{rel}","templated":true}]}}