
{"id":1677,"date":"2024-01-26T10:00:03","date_gmt":"2024-01-26T09:00:03","guid":{"rendered":"http:\/\/casadei-industria.retinatest.it\/note-legali\/"},"modified":"2024-02-28T12:18:33","modified_gmt":"2024-02-28T11:18:33","slug":"mentions-legales","status":"publish","type":"page","link":"https:\/\/www.casadei-industria.com\/fr\/mentions-legales\/","title":{"rendered":"Mentions L\u00e9gales"},"content":{"rendered":"\n<p><strong><em>1. Copyright<\/em><\/strong><\/p>\n\n\n\n<p>Les contenus publi\u00e9s sur ce site internet, sauf indication contraire expresse, sont prot\u00e9g\u00e9s par la r\u00e8glementation en vigueur en mati\u00e8re de protection du droit d\u2019auteur et ne peuvent \u00eatre reproduits sur d\u2019autres sites Internet, listes de diffusion, newsletters, revues sur papier ou d\u2019autres supports non indiqu\u00e9s, sans l\u2019autorisation pr\u00e9alable deCasadei Industria Wood S.r.l., quel que soit le but de l\u2019utilisation.<\/p>\n\n\n\n<p>L\u2019autorisation doit \u00eatre demand\u00e9e par \u00e9crit via courrier \u00e9lectronique et est r\u00e9put\u00e9e accept\u00e9e uniquement \u00e0 la suite d\u2019un consentement \u00e9crit explicite du repr\u00e9sentant l\u00e9gal de Casadei Industria Wood S.r.l. L\u2019\u00e9ventuelle absence de r\u00e9ponse de la part de Casadei Industria Wood S.r.l. ne doit en aucun cas \u00eatre interpr\u00e9t\u00e9e comme un accord tacite.<\/p>\n\n\n\n<p>La reproduction, la location, le pr\u00eat et la diffusion des contenus sans l\u2019autorisation de Casadei Industria Wood S.r.l. est interdite, \u00e0 l\u2019exception des cas indiqu\u00e9s au paragraphe suivant.<\/p>\n\n\n\n<p>Les \u00e9l\u00e9ments graphiques et le code HTML\/XHTML sont \u00e0 consid\u00e9rer comme la propri\u00e9t\u00e9 exclusive de Casadei Industria Wood S.r.l.<\/p>\n\n\n\n<p><strong><em>2. Exclusion partielle de l\u2019interdiction de reproduction des contenus<\/em><\/strong><\/p>\n\n\n\n<p>Les contenus pr\u00e9sents sur le site internet peuvent \u00eatre reproduits partiellement sur d\u2019autres sites Internet, newsletters ou supports num\u00e9riques et sur papier sous forme d\u2019abstract, \u00e0 condition que&nbsp;:<\/p>\n\n\n\n<ul class=\"wp-block-list\">\n<li>Le contenu reproduit ne d\u00e9passe pas 15&nbsp;% des caract\u00e8res de l\u2019article original&nbsp;;<\/li>\n\n\n\n<li>Qu\u2019il existe un lien clair et bien visible vers l\u2019article original publi\u00e9&nbsp;;<\/li>\n\n\n\n<li>Que le nom de l\u2019auteur original soit clairement indiqu\u00e9.<\/li>\n<\/ul>\n\n\n\n<p><strong><em>3. Responsabilit\u00e9<\/em><\/strong><\/p>\n\n\n\n<p>Casadei Industria Wood S.r.l. n\u2019est pas responsable des d\u00e9g\u00e2ts caus\u00e9s, directement ou indirectement, par l\u2019utilisation des informations (offertes selon la formule \u00ab&nbsp;as-is&nbsp;\u00bb) qui se trouvent sur le site internet.<\/p>\n\n\n\n<p>Pour les contenus qui ne sont pas la propri\u00e9t\u00e9 de Casadei Industria Wood S.r.l. le droit de citation sera exerc\u00e9 dans les conditions dont aux art. 70 alin\u00e9a 1, 70 alin\u00e9a 1 Bis et 70 alin\u00e9a 3 de la L. it. n\u00b0 633 du 22 avril 1941. Notamment, toutes les marques cit\u00e9es et les logos reproduits sur le site internet appartiennent aux propri\u00e9taire l\u00e9gitimes. Ces marques sont cit\u00e9es uniquement \u00e0 titre informatif.<\/p>\n\n\n\n<p><strong><em>4. Logiciel malveillant<\/em><\/strong><\/p>\n\n\n\n<p>Malgr\u00e9 le contr\u00f4le p\u00e9riodique de ce site internet, Casadei Industria Wood S.r.l. ne peut garantir qu\u2019il soit exempt de virus ou d\u2019autres programmes potentiellement nuisibles. Avant d\u2019avoir acc\u00e8s au r\u00e9seau et d\u2019effectuer toute op\u00e9ration au cours de la navigation, l\u2019utilisateur doit prendre les mesures de s\u00e9curit\u00e9 les plus r\u00e9centes pour lesquelles il sera seul et exclusif responsable.<\/p>\n","protected":false},"excerpt":{"rendered":"<p>1. Copyright Les contenus publi\u00e9s sur ce site internet, sauf indication contraire expresse, sont prot\u00e9g\u00e9s par la r\u00e8glementation en vigueur en mati\u00e8re de protection du droit d\u2019auteur et ne peuvent \u00eatre reproduits sur d\u2019autres sites Internet, listes de diffusion, newsletters, revues sur papier ou d\u2019autres supports non indiqu\u00e9s, sans l\u2019autorisation pr\u00e9alable deCasadei Industria Wood S.r.l., [&hellip;]<\/p>\n","protected":false},"author":1,"featured_media":0,"parent":0,"menu_order":0,"comment_status":"closed","ping_status":"closed","template":"","meta":{"_acf_changed":false,"inline_featured_image":false,"footnotes":""},"class_list":["post-1677","page","type-page","status-publish","hentry"],"acf":[],"yoast_head":"<!-- This site is optimized with the Yoast SEO plugin v24.0 - https:\/\/yoast.com\/wordpress\/plugins\/seo\/ -->\n<title>Mentions L\u00e9gales - Casadei Industria<\/title>\n<meta name=\"robots\" content=\"index, follow, max-snippet:-1, max-image-preview:large, max-video-preview:-1\" \/>\n<link rel=\"canonical\" href=\"https:\/\/www.casadei-industria.com\/fr\/mentions-legales\/\" \/>\n<meta property=\"og:locale\" content=\"fr_FR\" \/>\n<meta property=\"og:type\" content=\"article\" \/>\n<meta property=\"og:title\" content=\"Mentions L\u00e9gales - Casadei Industria\" \/>\n<meta property=\"og:description\" content=\"1. Copyright Les contenus publi\u00e9s sur ce site internet, sauf indication contraire expresse, sont prot\u00e9g\u00e9s par la r\u00e8glementation en vigueur en mati\u00e8re de protection du droit d\u2019auteur et ne peuvent \u00eatre reproduits sur d\u2019autres sites Internet, listes de diffusion, newsletters, revues sur papier ou d\u2019autres supports non indiqu\u00e9s, sans l\u2019autorisation pr\u00e9alable deCasadei Industria Wood S.r.l., [&hellip;]\" \/>\n<meta property=\"og:url\" content=\"https:\/\/www.casadei-industria.com\/fr\/mentions-legales\/\" \/>\n<meta property=\"og:site_name\" content=\"Casadei Industria\" \/>\n<meta property=\"article:modified_time\" content=\"2024-02-28T11:18:33+00:00\" \/>\n<meta name=\"twitter:card\" content=\"summary_large_image\" \/>\n<meta name=\"twitter:label1\" content=\"Dur\u00e9e de lecture estim\u00e9e\" \/>\n\t<meta name=\"twitter:data1\" content=\"3 minutes\" \/>\n<script type=\"application\/ld+json\" class=\"yoast-schema-graph\">{\"@context\":\"https:\/\/schema.org\",\"@graph\":[{\"@type\":\"WebPage\",\"@id\":\"https:\/\/www.casadei-industria.com\/fr\/mentions-legales\/\",\"url\":\"https:\/\/www.casadei-industria.com\/fr\/mentions-legales\/\",\"name\":\"Mentions L\u00e9gales - Casadei Industria\",\"isPartOf\":{\"@id\":\"https:\/\/www.casadei-industria.com\/de\/#website\"},\"datePublished\":\"2024-01-26T09:00:03+00:00\",\"dateModified\":\"2024-02-28T11:18:33+00:00\",\"breadcrumb\":{\"@id\":\"https:\/\/www.casadei-industria.com\/fr\/mentions-legales\/#breadcrumb\"},\"inLanguage\":\"fr-FR\",\"potentialAction\":[{\"@type\":\"ReadAction\",\"target\":[\"https:\/\/www.casadei-industria.com\/fr\/mentions-legales\/\"]}]},{\"@type\":\"BreadcrumbList\",\"@id\":\"https:\/\/www.casadei-industria.com\/fr\/mentions-legales\/#breadcrumb\",\"itemListElement\":[{\"@type\":\"ListItem\",\"position\":1,\"name\":\"Home\",\"item\":\"https:\/\/www.casadei-industria.com\/fr\/\"},{\"@type\":\"ListItem\",\"position\":2,\"name\":\"Mentions L\u00e9gales\"}]},{\"@type\":\"WebSite\",\"@id\":\"https:\/\/www.casadei-industria.com\/de\/#website\",\"url\":\"https:\/\/www.casadei-industria.com\/de\/\",\"name\":\"Casadei Industria\",\"description\":\"\",\"publisher\":{\"@id\":\"https:\/\/www.casadei-industria.com\/de\/#organization\"},\"potentialAction\":[{\"@type\":\"SearchAction\",\"target\":{\"@type\":\"EntryPoint\",\"urlTemplate\":\"https:\/\/www.casadei-industria.com\/de\/?s={search_term_string}\"},\"query-input\":{\"@type\":\"PropertyValueSpecification\",\"valueRequired\":true,\"valueName\":\"search_term_string\"}}],\"inLanguage\":\"fr-FR\"},{\"@type\":\"Organization\",\"@id\":\"https:\/\/www.casadei-industria.com\/de\/#organization\",\"name\":\"Casadei Industria\",\"url\":\"https:\/\/www.casadei-industria.com\/de\/\",\"logo\":{\"@type\":\"ImageObject\",\"inLanguage\":\"fr-FR\",\"@id\":\"https:\/\/www.casadei-industria.com\/de\/#\/schema\/logo\/image\/\",\"url\":\"https:\/\/www.casadei-industria.com\/wp-content\/uploads\/2025\/02\/Casadei-Industria-Logo-vettoriale-2.svg\",\"contentUrl\":\"https:\/\/www.casadei-industria.com\/wp-content\/uploads\/2025\/02\/Casadei-Industria-Logo-vettoriale-2.svg\",\"width\":100,\"height\":100,\"caption\":\"Casadei Industria\"},\"image\":{\"@id\":\"https:\/\/www.casadei-industria.com\/de\/#\/schema\/logo\/image\/\"}}]}<\/script>\n<!-- \/ Yoast SEO plugin. -->","yoast_head_json":{"title":"Mentions L\u00e9gales - Casadei Industria","robots":{"index":"index","follow":"follow","max-snippet":"max-snippet:-1","max-image-preview":"max-image-preview:large","max-video-preview":"max-video-preview:-1"},"canonical":"https:\/\/www.casadei-industria.com\/fr\/mentions-legales\/","og_locale":"fr_FR","og_type":"article","og_title":"Mentions L\u00e9gales - Casadei Industria","og_description":"1. Copyright Les contenus publi\u00e9s sur ce site internet, sauf indication contraire expresse, sont prot\u00e9g\u00e9s par la r\u00e8glementation en vigueur en mati\u00e8re de protection du droit d\u2019auteur et ne peuvent \u00eatre reproduits sur d\u2019autres sites Internet, listes de diffusion, newsletters, revues sur papier ou d\u2019autres supports non indiqu\u00e9s, sans l\u2019autorisation pr\u00e9alable deCasadei Industria Wood S.r.l., [&hellip;]","og_url":"https:\/\/www.casadei-industria.com\/fr\/mentions-legales\/","og_site_name":"Casadei Industria","article_modified_time":"2024-02-28T11:18:33+00:00","twitter_card":"summary_large_image","twitter_misc":{"Dur\u00e9e de lecture estim\u00e9e":"3 minutes"},"schema":{"@context":"https:\/\/schema.org","@graph":[{"@type":"WebPage","@id":"https:\/\/www.casadei-industria.com\/fr\/mentions-legales\/","url":"https:\/\/www.casadei-industria.com\/fr\/mentions-legales\/","name":"Mentions L\u00e9gales - Casadei Industria","isPartOf":{"@id":"https:\/\/www.casadei-industria.com\/de\/#website"},"datePublished":"2024-01-26T09:00:03+00:00","dateModified":"2024-02-28T11:18:33+00:00","breadcrumb":{"@id":"https:\/\/www.casadei-industria.com\/fr\/mentions-legales\/#breadcrumb"},"inLanguage":"fr-FR","potentialAction":[{"@type":"ReadAction","target":["https:\/\/www.casadei-industria.com\/fr\/mentions-legales\/"]}]},{"@type":"BreadcrumbList","@id":"https:\/\/www.casadei-industria.com\/fr\/mentions-legales\/#breadcrumb","itemListElement":[{"@type":"ListItem","position":1,"name":"Home","item":"https:\/\/www.casadei-industria.com\/fr\/"},{"@type":"ListItem","position":2,"name":"Mentions L\u00e9gales"}]},{"@type":"WebSite","@id":"https:\/\/www.casadei-industria.com\/de\/#website","url":"https:\/\/www.casadei-industria.com\/de\/","name":"Casadei Industria","description":"","publisher":{"@id":"https:\/\/www.casadei-industria.com\/de\/#organization"},"potentialAction":[{"@type":"SearchAction","target":{"@type":"EntryPoint","urlTemplate":"https:\/\/www.casadei-industria.com\/de\/?s={search_term_string}"},"query-input":{"@type":"PropertyValueSpecification","valueRequired":true,"valueName":"search_term_string"}}],"inLanguage":"fr-FR"},{"@type":"Organization","@id":"https:\/\/www.casadei-industria.com\/de\/#organization","name":"Casadei Industria","url":"https:\/\/www.casadei-industria.com\/de\/","logo":{"@type":"ImageObject","inLanguage":"fr-FR","@id":"https:\/\/www.casadei-industria.com\/de\/#\/schema\/logo\/image\/","url":"https:\/\/www.casadei-industria.com\/wp-content\/uploads\/2025\/02\/Casadei-Industria-Logo-vettoriale-2.svg","contentUrl":"https:\/\/www.casadei-industria.com\/wp-content\/uploads\/2025\/02\/Casadei-Industria-Logo-vettoriale-2.svg","width":100,"height":100,"caption":"Casadei Industria"},"image":{"@id":"https:\/\/www.casadei-industria.com\/de\/#\/schema\/logo\/image\/"}}]}},"_links":{"self":[{"href":"https:\/\/www.casadei-industria.com\/fr\/wp-json\/wp\/v2\/pages\/1677","targetHints":{"allow":["GET"]}}],"collection":[{"href":"https:\/\/www.casadei-industria.com\/fr\/wp-json\/wp\/v2\/pages"}],"about":[{"href":"https:\/\/www.casadei-industria.com\/fr\/wp-json\/wp\/v2\/types\/page"}],"author":[{"embeddable":true,"href":"https:\/\/www.casadei-industria.com\/fr\/wp-json\/wp\/v2\/users\/1"}],"replies":[{"embeddable":true,"href":"https:\/\/www.casadei-industria.com\/fr\/wp-json\/wp\/v2\/comments?post=1677"}],"version-history":[{"count":2,"href":"https:\/\/www.casadei-industria.com\/fr\/wp-json\/wp\/v2\/pages\/1677\/revisions"}],"predecessor-version":[{"id":1792,"href":"https:\/\/www.casadei-industria.com\/fr\/wp-json\/wp\/v2\/pages\/1677\/revisions\/1792"}],"wp:attachment":[{"href":"https:\/\/www.casadei-industria.com\/fr\/wp-json\/wp\/v2\/media?parent=1677"}],"curies":[{"name":"wp","href":"https:\/\/api.w.org\/{rel}","templated":true}]}}