
{"id":952,"date":"2023-12-20T15:59:19","date_gmt":"2023-12-20T14:59:19","guid":{"rendered":"http:\/\/casadei-industria.retinatest.it\/privacy-policy\/"},"modified":"2024-02-28T11:52:53","modified_gmt":"2024-02-28T10:52:53","slug":"privacy-policy","status":"publish","type":"page","link":"https:\/\/www.casadei-industria.com\/fr\/privacy-policy\/","title":{"rendered":"Politique de Confidentialit\u00e9"},"content":{"rendered":"\n<p><strong><em>1. Informations g\u00e9n\u00e9rales<\/em><\/strong><\/p>\n\n\n\n<p>Votre confidentialit\u00e9 est tr\u00e8s importante pour Casadei Industria Wood S.r.l. et pour vous prot\u00e9ger le mieux possible, nous vous fournissons ces mentions l\u00e9gales dans lesquelles vous trouverez des indications sur le type d\u2019informations collect\u00e9es en ligne et sur les diff\u00e9rentes occasions que vous avez d\u2019intervenir dans la collecte et l\u2019utilisation de ces informations sur le site internet.<\/p>\n\n\n\n<p>Ce document repr\u00e9sente une notice d\u2019information fournie aux termes de l\u2019art.13 du R\u00e8glement UE n\u00b0 2016\/679 (le \u00ab&nbsp;RGPD&nbsp;\u00bb) du Parlement Europ\u00e9en et du Conseil du 27 avril 2016 \u00ab&nbsp;concernant la protection des personnes physiques au regard du traitement des donn\u00e9es personnelles, ainsi que la libre circulation de ces donn\u00e9es et qui abroge la directive 95\/46\/CE (r\u00e8glement g\u00e9n\u00e9ral sur la protection des donn\u00e9es)&nbsp;\u00bb \u00e0 ceux qui interagissent avec les services Internet de Casadei Industria Wood S.r.l., accessibles par voie t\u00e9l\u00e9matique \u00e0 partir du site Internet.<\/p>\n\n\n\n<p>Cette notice d\u2019information pr\u00e9sente \u00e9galement, en tant que r\u00e9f\u00e9rence l\u00e9gislative sp\u00e9cifique, la mesure du Garant national pour la protection des donn\u00e9es personnelles n\u00b0 229 du 8 mai 2014 \u00ab&nbsp;indications des modalit\u00e9s simplifi\u00e9es pour l\u2019information et l\u2019acquisition du consentement pour l\u2019utilisation des cookies \u2013 8 mai 2014&nbsp;\u00bb, telle que publi\u00e9e sur le Journal Officiel n\u00b0 126 du 3 juin 2014 et les explications s\u2019y rapportant contenues sur le lien suivant&nbsp;:<\/p>\n\n\n\n<p><a href=\"http:\/\/www.garanteprivacy.it\/web\/guest\/home\/docweb\/-\/docweb-display\/docweb\/4006878\">http:\/\/www.garanteprivacy.it\/web\/guest\/home\/docweb\/-\/docweb-display\/docweb\/4006878<\/a><\/p>\n\n\n\n<p>Cette notice d\u2019information est fournie uniquement pour le site de Casadei Industria Wood S.r.l. et non pas pour d\u2019autres sites Web \u00e9ventuellement consult\u00e9s par l\u2019utilisateur \u00e0 travers le lien.<\/p>\n\n\n\n<p>Le Responsable des traitements de donn\u00e9es personnelles collect\u00e9es par le site internet est Casadei Industria Wood S.r.l. (ci-apr\u00e8s indiqu\u00e9e comme \u00ab&nbsp;Responsable du traitement ou m\u00eame seulement comme \u00ab&nbsp;Responsable&nbsp;\u00bb) dont le si\u00e8ge social est sis via Guardia di Rocca, 14 47899 Galazzano \u2013 Serravalle R\u00e9publique de Saint Marin en la personne de son l\u00e9gal repr\u00e9sentant pro-tempore.<\/p>\n\n\n\n<p>Le Responsable peut \u00eatre contact\u00e9 \u00e0 l\u2019adresse courriel suivante&nbsp;:&nbsp;<a href=\"mailto:privacy@casadeiwood.com\">Privacy@casadeiwood.com<\/a>&nbsp;ou par courrier ordinaire, en envoyant une communication \u00e0 l\u2019adresse susmentionn\u00e9e ou bien au num\u00e9ro de t\u00e9l\u00e9phone suivant 0549 960011<\/p>\n\n\n\n<p><strong><em>2. Nature des donn\u00e9es<\/em><\/strong><\/p>\n\n\n\n<p>Donn\u00e9es de navigation<\/p>\n\n\n\n<p>Les syst\u00e8mes informatiques et les proc\u00e9dures logicielles assurant le fonctionnement de ce site Web acqui\u00e8rent, au cours de leur exploitation normale, certaines donn\u00e9es \u00e0 caract\u00e8re personnel dont la transmission est implicite dans l\u2019usage des protocoles de communication d\u2019Internet. Il s\u2019agit d\u2019informations qui ne sont pas collect\u00e9es pour \u00eatre associ\u00e9es \u00e0 des personnes concern\u00e9es identifi\u00e9es, mais qui, de par leur nature, pourraient permettre d\u2019identifier les utilisateurs, \u00e0 travers des \u00e9laborations et associations avec des donn\u00e9es d\u00e9tenues par des tiers,<\/p>\n\n\n\n<p>C\u2019est dans cette cat\u00e9gorie de donn\u00e9es que s\u2019inscrivent les adresses IP ou les noms de domaine des ordinateurs employ\u00e9s par les utilisateurs qui se connectent au site&nbsp;: les adresses en notation URI (\u00ab&nbsp;Uniform Resource Identifier&nbsp;\u00bb) des ressources demand\u00e9es, l\u2019heure de la demande, la m\u00e9thode utilis\u00e9e pour faire la demande au serveur, la dimension du fichier obtenu en r\u00e9ponse, le code num\u00e9rique indiquant l\u2019\u00e9tat de la r\u00e9ponse donn\u00e9e par le serveur (issue positive, erreur, etc.), ainsi que d\u2019autres param\u00e8tres relatifs au syst\u00e8me d\u2019exploitation et \u00e0 l\u2019environnement informatique de l\u2019utilisateur.<\/p>\n\n\n\n<p>Ces donn\u00e9es sont trait\u00e9es, pendant le temps strictement n\u00e9cessaire, exclusivement pour obtenir des informations statistiques anonymes relatives \u00e0 l&rsquo;utilisation du site et pour contr\u00f4ler qu&rsquo;il fonctionne correctement. Les donn\u00e9es pourraient \u00eatre utilis\u00e9es pour d\u00e9terminer la responsabilit\u00e9 en cas d\u2019\u00e9ventuels d\u00e9lits informatiques au pr\u00e9judice du site seulement \u00e0 la demande des autorit\u00e9s de surveillance pr\u00e9pos\u00e9es.<\/p>\n\n\n\n<p>Donn\u00e9es collect\u00e9es \u00e0 travers les cookies<\/p>\n\n\n\n<p>Un \u00ab&nbsp;cookie&nbsp;\u00bb est un fichier de texte de petites dimensions transf\u00e9r\u00e9 du serveur Web \u00e0 l\u2019ordinateur de l\u2019utilisateur, dont le but consiste \u00e0 informer le serveur au sujet des acc\u00e8s \u00e0 cette page Web et d\u2019autres \u00e9ventuelles nouvelles qu\u2019il d\u00e9duit des param\u00e8tres lisibles du syst\u00e8me \u00e0 travers les fonctions contenues sur la page Web.<\/p>\n\n\n\n<p>Les cookies peuvent \u00eatre \u00ab&nbsp;temporaires&nbsp;\u00bb (ou de session, ils sont effac\u00e9s \u00e0 la fin de la connexion) ou \u00ab&nbsp;permanents&nbsp;\u00bb\u201d (ils restent m\u00e9moris\u00e9s sur le disque fixe de l\u2019utilisateur, \u00e0 moins que ce dernier les efface.<\/p>\n\n\n\n<p>Les cookies persistants peuvent conserver des donn\u00e9es d\u2019identification personnelles exclusivement au cas o\u00f9 l\u2019utilisateur a enregistr\u00e9 ou consenti \u00e0 la conservation des donn\u00e9es d\u2019identification personnelles pr\u00e9sentes dans le site. Autrement, le serveur du Responsable reconnait seulement qu\u2019un visiteur non identifi\u00e9 avec ce cookie particulier est revenu sur le site. Ces donn\u00e9es ne sont pas communiqu\u00e9es aux tiers et non sont pas diffus\u00e9es. L\u2019utilisateur a la possibilit\u00e9, selon le navigateur utilis\u00e9, de d\u00e9sactiver ou d\u2019accepter de mani\u00e8re s\u00e9lective l\u2019utilisation des cookies&nbsp;: dans ce cas la navigation ne pourra pas \u00eatre aussi simple, certaines fonctions du site pourraient ne pas \u00eatre disponibles et certaines pages Web pourraient \u00eatre visualis\u00e9es d\u2019une mani\u00e8re incorrecte. Pour des informations compl\u00e8tes sur les cookies nous renvoyons \u00e0 la police des cookies.<\/p>\n\n\n\n<p>Donn\u00e9es fournies volontairement par l\u2019utilisateur<\/p>\n\n\n\n<p>L\u2019envoi facultatif, explicite et volontaire de communications par courriel aux adresses pr\u00e9sentes sur le site ou \u00e0 travers des formulaires de contact ou des appels effectu\u00e9s au point de contact de l\u2019entreprise comportent le traitement successif des donn\u00e9es n\u00e9cessaires \u00e0 traiter la demande d\u2019informations de l\u2019utilisateur. Nous invitons les utilisateurs \u00e0 ne pas envoyer de noms ou d\u2019autres donn\u00e9es personnelles de tiers qui ne sont pas strictement n\u00e9cessaires, en utilisant plut\u00f4t, dans la mesure du possible, des noms fictifs.<\/p>\n\n\n\n<p><strong><em>2. Finalit\u00e9s des traitements des donn\u00e9es personnelles et bases juridiques<\/em><\/strong><\/p>\n\n\n\n<p>Les donn\u00e9es personnelles collect\u00e9es et concernant l\u2019utilisateur sont trait\u00e9es pour les finalit\u00e9s suivantes et selon les bases juridiques suivantes&nbsp;:<\/p>\n\n\n\n<figure class=\"wp-block-table\"><table><tbody><tr><td><strong>Type de donn\u00e9es<\/strong><\/td><td><strong>Finalit\u00e9s<\/strong><\/td><td><strong>Bases juridiques<\/strong><\/td><\/tr><tr><td>Les donn\u00e9es d\u2019identification et de contact (Nom, adresse de courrier \u00e9lectronique) &nbsp; Toute autre information contenue dans le message<\/td><td>Traitement et r\u00e9ponse aux demandes d\u2019informations vis-\u00e0-vis des Utilisateurs qui le demandent<\/td><td>Consentement explicite, libre et sp\u00e9cifique exprim\u00e9 au bas du formulaire de contact. Le Responsable du traitement traite les donn\u00e9es personnelles pour ces finalit\u00e9s selon son int\u00e9r\u00eat l\u00e9gitime \u00e0 r\u00e9pondre aux demandes d\u2019informations d\u2019utilisateurs int\u00e9ress\u00e9s aux produits offerts.<\/td><\/tr><tr><td>Donn\u00e9es d\u2019identification et de contact (e-mail, nom, num\u00e9ro de t\u00e9l\u00e9phone)<\/td><td>E-mail marketing et newsletters p\u00e9riodiques ayant trait aux promotions ou initiatives commerciales &nbsp; &nbsp;<\/td><td>Consentement explicite, libre et sp\u00e9cifique au bas du formulaire de contact et d\u2019enregistrement ainsi qu\u2019au formulaire d\u00e9di\u00e9 \u00e0 la newsletter pr\u00e9sents sur le site &nbsp;<\/td><\/tr><tr><td>Donn\u00e9es de navigation et donn\u00e9es collect\u00e9es par les cookies de tierces parties<\/td><td>Suivi, analyse du trafic sur le site internet et \u00e9laboration de statistiques<\/td><td>Consentement explicite, libre et sp\u00e9cifique expr\u00e8s moyennant le tool option des cookies pr\u00e9sents sur le site internet. L\u2019utilisateur peut librement et \u00e0 tout moment choisir de ne pas participer \u00e0 ce type de publicit\u00e9 en effectuant l\u2019opt-out.<\/td><\/tr><tr><td>Donn\u00e9es de navigation<\/td><td>Action en justice contre l\u2019utilisation abusive du site internet Entretien ordinaire du site et surveillance du fonctionnement<\/td><td>Int\u00e9r\u00eat l\u00e9gitime du Responsable du traitement<\/td><\/tr><\/tbody><\/table><\/figure>\n\n\n\n<p><strong><em>4. Modalit\u00e9s, Lieu de traitement<\/em><\/strong><\/p>\n\n\n\n<p>Les donn\u00e9es personnelles sont trait\u00e9es avec des instruments automatis\u00e9s pendant le temps strictement n\u00e9cessaire \u00e0 atteindre les objectifs pour lesquels elles ont \u00e9t\u00e9 collect\u00e9es. Des mesures de s\u00e9curit\u00e9 sp\u00e9cifiques sont respect\u00e9es pour emp\u00eacher la perte des donn\u00e9es, des utilisations illicites ou non-correctes et des acc\u00e8s non autoris\u00e9s.<\/p>\n\n\n\n<p>Les traitements li\u00e9s aux services Web de ce site (physiquement h\u00e9berg\u00e9s sur des serveurs appartenant \u00e0 Aruba) sont effectu\u00e9s au si\u00e8ge de la Soci\u00e9t\u00e9 propri\u00e9taire des serveurs au nom et pour le compte de la Soci\u00e9t\u00e9 Responsable du traitement et sont accomplis uniquement par les salari\u00e9s, les collaborateurs autoris\u00e9s, ainsi que d\u2019\u00e9ventuelles personnes en charge d\u2019op\u00e9rations d\u2019entretien occasionnelles.&nbsp; Dans certains cas, outre le Responsable, d\u2019autres personnes impliqu\u00e9es dans l\u2019organisation de ce Site, \u00e0 savoir des personnes ext\u00e9rieures (fournisseurs tiers de services techniques, les services de messagerie, les fournisseurs d\u2019h\u00e9bergement, les entreprises informatiques, les agences de communication) nomm\u00e9es m\u00eame, au besoin, D\u00e9l\u00e9gu\u00e9s au Traitement par le Responsable, pourraient avoir acc\u00e8s aux Donn\u00e9es. La liste actualis\u00e9e des D\u00e9l\u00e9gu\u00e9s pourra toujours \u00eatre demand\u00e9e au Responsable du Traitement.<\/p>\n\n\n\n<p>Les Donn\u00e9es Personnelles de l\u2019Utilisateur pourraient \u00eatre transf\u00e9r\u00e9es dans un pays diff\u00e9rent de celui o\u00f9 l\u2019Utilisateur se trouve. &nbsp;L\u2019Utilisateur a le droit d\u2019obtenir des informations sur la base juridique du transfert des Donn\u00e9es en-dehors de l\u2019Union Europ\u00e9enne ou \u00e0 une organisation internationale, ainsi qu\u2019au sujet des mesures de s\u00e9curit\u00e9 prises par le Responsable pour prot\u00e9ger les Donn\u00e9es.<\/p>\n\n\n\n<p><strong><em>5. Mineurs<\/em><\/strong><\/p>\n\n\n\n<p>Conform\u00e9ment aux dispositions contenues dans l\u2019art. 8 du RGPD aucune personne \u00e2g\u00e9e de moins de 16 ans, sans le consentement pr\u00e9alable des parents ou du tuteur l\u00e9gal, ne pourra envoyer des informations \u00e0 ce site Web, et ne pourra encore moins faire des achats ou conclure des actes juridiques dans ce site sans le consentement susmentionn\u00e9, \u00e0 moins que ceci ne soit autoris\u00e9 par les lois en vigueur.<\/p>\n\n\n\n<p><strong><em>6.P\u00e9riode de conservation des donn\u00e9es ou crit\u00e8re<\/em><\/strong><\/p>\n\n\n\n<p>Les donn\u00e9es font l\u2019objet de traitement pendant la p\u00e9riode strictement n\u00e9cessaire \u00e0 r\u00e9aliser les objectifs pour lesquels elles ont \u00e9t\u00e9 collect\u00e9es&nbsp;:<\/p>\n\n\n\n<p>\u2013 les donn\u00e9es personnelles collect\u00e9es pour des objectifs li\u00e9s \u00e0 l\u2019ex\u00e9cution d\u2019un contrat entre le Responsable et l\u2019Utilisateur seront conserv\u00e9es jusqu\u2019\u00e0 ce que l\u2019ex\u00e9cution de ce contrat soit achev\u00e9e.<\/p>\n\n\n\n<p>\u2013 les donn\u00e9es personnelles collect\u00e9es \u00e0 des fins attribuables \u00e0 l\u2019int\u00e9r\u00eat l\u00e9gitime du Responsable seront conserv\u00e9es jusqu\u2019\u00e0 ce que cet int\u00e9r\u00eat soit satisfait.<\/p>\n\n\n\n<p>\u2013 les donn\u00e9es personnelles collect\u00e9es sur la base du consentement de l\u2019utilisateur sont conserv\u00e9es jusqu\u2019\u00e0 la r\u00e9vocation de ce consentement.<\/p>\n\n\n\n<p>Le Responsable pourrait \u00eatre tenu de conserver les donn\u00e9es personnelles plus longtemps chaque fois que cela est requis pour l\u2019ex\u00e9cution d\u2019une obligation l\u00e9gale ou sur ordre d&rsquo;une autorit\u00e9.<\/p>\n\n\n\n<p>\u00c0 la fin de la p\u00e9riode de conservation les donn\u00e9es personnelles seront effac\u00e9es. Par cons\u00e9quent, \u00e0 l\u2019expiration de ce d\u00e9lai, les droits d\u2019acc\u00e8s, d\u2019annulation, de rectification et le droit \u00e0 la portabilit\u00e9 des donn\u00e9es ne pourront plus \u00eatre exerc\u00e9s.<\/p>\n\n\n\n<p><strong><em>7. Droits des personnes concern\u00e9es<\/em><\/strong><\/p>\n\n\n\n<p>Les personnes auxquelles les donn\u00e9es personnelles se rapportent ont le droit \u00e0 tout moment d\u2019obtenir la confirmation de l\u2019existence ou pas de ces donn\u00e9es et d\u2019en connaitre le contenu et l\u2019origine, d\u2019en v\u00e9rifier l\u2019exactitude ou d\u2019en demander l\u2019int\u00e9gration ou la mise \u00e0 jour, ou bien la rectification. Elles ont en outre le droit de demander l\u2019annulation ou la transformation sous forme anonyme ou bien la limitation ou le verrouillage des donn\u00e9es trait\u00e9es en violation de la loi, ainsi que le droit de r\u00e9voquer ou de s\u2019opposer en tout cas, pour des raisons l\u00e9gitimes, \u00e0 leur traitement. L\u2019utilisateur a le droit de r\u00e9voquer le consentement \u00e9ventuellement donn\u00e9 \u00e0 tout moment sans pr\u00e9judice des traitements qui ont eu lieu pr\u00e9c\u00e9demment.<\/p>\n\n\n\n<p>Toute personne ayant des doutes concernant le respect de la politique de confidentialit\u00e9 adopt\u00e9e par Casadei Industria Wood S.r.l., son application, l\u2019exactitude de ses donn\u00e9es personnelles ou l\u2019utilisation des informations collect\u00e9es peut contacter le Responsable du traitement \u00e0 travers une communication \u00e9crite aux adresses susmentionn\u00e9es.<\/p>\n","protected":false},"excerpt":{"rendered":"<p>1. Informations g\u00e9n\u00e9rales Votre confidentialit\u00e9 est tr\u00e8s importante pour Casadei Industria Wood S.r.l. et pour vous prot\u00e9ger le mieux possible, nous vous fournissons ces mentions l\u00e9gales dans lesquelles vous trouverez des indications sur le type d\u2019informations collect\u00e9es en ligne et sur les diff\u00e9rentes occasions que vous avez d\u2019intervenir dans la collecte et l\u2019utilisation de ces [&hellip;]<\/p>\n","protected":false},"author":1,"featured_media":0,"parent":0,"menu_order":0,"comment_status":"closed","ping_status":"closed","template":"","meta":{"_acf_changed":false,"inline_featured_image":false,"footnotes":""},"class_list":["post-952","page","type-page","status-publish","hentry"],"acf":[],"yoast_head":"<!-- This site is optimized with the Yoast SEO plugin v27.5 - https:\/\/yoast.com\/product\/yoast-seo-wordpress\/ -->\n<title>Politique de Confidentialit\u00e9 - Casadei Industria<\/title>\n<meta name=\"robots\" content=\"index, follow, max-snippet:-1, max-image-preview:large, max-video-preview:-1\" \/>\n<link rel=\"canonical\" href=\"https:\/\/www.casadei-industria.com\/privacy-policy\/\" \/>\n<meta property=\"og:locale\" content=\"fr_FR\" \/>\n<meta property=\"og:type\" content=\"article\" \/>\n<meta property=\"og:title\" content=\"Politique de Confidentialit\u00e9 - Casadei Industria\" \/>\n<meta property=\"og:description\" content=\"1. Informations g\u00e9n\u00e9rales Votre confidentialit\u00e9 est tr\u00e8s importante pour Casadei Industria Wood S.r.l. et pour vous prot\u00e9ger le mieux possible, nous vous fournissons ces mentions l\u00e9gales dans lesquelles vous trouverez des indications sur le type d\u2019informations collect\u00e9es en ligne et sur les diff\u00e9rentes occasions que vous avez d\u2019intervenir dans la collecte et l\u2019utilisation de ces [&hellip;]\" \/>\n<meta property=\"og:url\" content=\"https:\/\/www.casadei-industria.com\/privacy-policy\/\" \/>\n<meta property=\"og:site_name\" content=\"Casadei Industria\" \/>\n<meta property=\"article:modified_time\" content=\"2024-02-28T10:52:53+00:00\" \/>\n<meta name=\"twitter:card\" content=\"summary_large_image\" \/>\n<meta name=\"twitter:label1\" content=\"Dur\u00e9e de lecture estim\u00e9e\" \/>\n\t<meta name=\"twitter:data1\" content=\"10 minutes\" \/>\n<script type=\"application\/ld+json\" class=\"yoast-schema-graph\">{\"@context\":\"https:\\\/\\\/schema.org\",\"@graph\":[{\"@type\":\"WebPage\",\"@id\":\"https:\\\/\\\/www.casadei-industria.com\\\/privacy-policy\\\/\",\"url\":\"https:\\\/\\\/www.casadei-industria.com\\\/privacy-policy\\\/\",\"name\":\"Politique de Confidentialit\u00e9 - Casadei Industria\",\"isPartOf\":{\"@id\":\"https:\\\/\\\/www.casadei-industria.com\\\/de\\\/#website\"},\"datePublished\":\"2023-12-20T14:59:19+00:00\",\"dateModified\":\"2024-02-28T10:52:53+00:00\",\"breadcrumb\":{\"@id\":\"https:\\\/\\\/www.casadei-industria.com\\\/privacy-policy\\\/#breadcrumb\"},\"inLanguage\":\"fr-FR\",\"potentialAction\":[{\"@type\":\"ReadAction\",\"target\":[\"https:\\\/\\\/www.casadei-industria.com\\\/privacy-policy\\\/\"]}]},{\"@type\":\"BreadcrumbList\",\"@id\":\"https:\\\/\\\/www.casadei-industria.com\\\/privacy-policy\\\/#breadcrumb\",\"itemListElement\":[{\"@type\":\"ListItem\",\"position\":1,\"name\":\"Home\",\"item\":\"https:\\\/\\\/www.casadei-industria.com\\\/fr\\\/\"},{\"@type\":\"ListItem\",\"position\":2,\"name\":\"Politique de Confidentialit\u00e9\"}]},{\"@type\":\"WebSite\",\"@id\":\"https:\\\/\\\/www.casadei-industria.com\\\/de\\\/#website\",\"url\":\"https:\\\/\\\/www.casadei-industria.com\\\/de\\\/\",\"name\":\"Casadei Industria\",\"description\":\"\",\"publisher\":{\"@id\":\"https:\\\/\\\/www.casadei-industria.com\\\/de\\\/#organization\"},\"potentialAction\":[{\"@type\":\"SearchAction\",\"target\":{\"@type\":\"EntryPoint\",\"urlTemplate\":\"https:\\\/\\\/www.casadei-industria.com\\\/de\\\/?s={search_term_string}\"},\"query-input\":{\"@type\":\"PropertyValueSpecification\",\"valueRequired\":true,\"valueName\":\"search_term_string\"}}],\"inLanguage\":\"fr-FR\"},{\"@type\":\"Organization\",\"@id\":\"https:\\\/\\\/www.casadei-industria.com\\\/de\\\/#organization\",\"name\":\"Casadei Industria\",\"url\":\"https:\\\/\\\/www.casadei-industria.com\\\/de\\\/\",\"logo\":{\"@type\":\"ImageObject\",\"inLanguage\":\"fr-FR\",\"@id\":\"https:\\\/\\\/www.casadei-industria.com\\\/de\\\/#\\\/schema\\\/logo\\\/image\\\/\",\"url\":\"https:\\\/\\\/www.casadei-industria.com\\\/wp-content\\\/uploads\\\/2025\\\/02\\\/Casadei-Industria-Logo-vettoriale-2.svg\",\"contentUrl\":\"https:\\\/\\\/www.casadei-industria.com\\\/wp-content\\\/uploads\\\/2025\\\/02\\\/Casadei-Industria-Logo-vettoriale-2.svg\",\"width\":100,\"height\":100,\"caption\":\"Casadei Industria\"},\"image\":{\"@id\":\"https:\\\/\\\/www.casadei-industria.com\\\/de\\\/#\\\/schema\\\/logo\\\/image\\\/\"}}]}<\/script>\n<!-- \/ Yoast SEO plugin. -->","yoast_head_json":{"title":"Politique de Confidentialit\u00e9 - Casadei Industria","robots":{"index":"index","follow":"follow","max-snippet":"max-snippet:-1","max-image-preview":"max-image-preview:large","max-video-preview":"max-video-preview:-1"},"canonical":"https:\/\/www.casadei-industria.com\/privacy-policy\/","og_locale":"fr_FR","og_type":"article","og_title":"Politique de Confidentialit\u00e9 - Casadei Industria","og_description":"1. Informations g\u00e9n\u00e9rales Votre confidentialit\u00e9 est tr\u00e8s importante pour Casadei Industria Wood S.r.l. et pour vous prot\u00e9ger le mieux possible, nous vous fournissons ces mentions l\u00e9gales dans lesquelles vous trouverez des indications sur le type d\u2019informations collect\u00e9es en ligne et sur les diff\u00e9rentes occasions que vous avez d\u2019intervenir dans la collecte et l\u2019utilisation de ces [&hellip;]","og_url":"https:\/\/www.casadei-industria.com\/privacy-policy\/","og_site_name":"Casadei Industria","article_modified_time":"2024-02-28T10:52:53+00:00","twitter_card":"summary_large_image","twitter_misc":{"Dur\u00e9e de lecture estim\u00e9e":"10 minutes"},"schema":{"@context":"https:\/\/schema.org","@graph":[{"@type":"WebPage","@id":"https:\/\/www.casadei-industria.com\/privacy-policy\/","url":"https:\/\/www.casadei-industria.com\/privacy-policy\/","name":"Politique de Confidentialit\u00e9 - Casadei Industria","isPartOf":{"@id":"https:\/\/www.casadei-industria.com\/de\/#website"},"datePublished":"2023-12-20T14:59:19+00:00","dateModified":"2024-02-28T10:52:53+00:00","breadcrumb":{"@id":"https:\/\/www.casadei-industria.com\/privacy-policy\/#breadcrumb"},"inLanguage":"fr-FR","potentialAction":[{"@type":"ReadAction","target":["https:\/\/www.casadei-industria.com\/privacy-policy\/"]}]},{"@type":"BreadcrumbList","@id":"https:\/\/www.casadei-industria.com\/privacy-policy\/#breadcrumb","itemListElement":[{"@type":"ListItem","position":1,"name":"Home","item":"https:\/\/www.casadei-industria.com\/fr\/"},{"@type":"ListItem","position":2,"name":"Politique de Confidentialit\u00e9"}]},{"@type":"WebSite","@id":"https:\/\/www.casadei-industria.com\/de\/#website","url":"https:\/\/www.casadei-industria.com\/de\/","name":"Casadei Industria","description":"","publisher":{"@id":"https:\/\/www.casadei-industria.com\/de\/#organization"},"potentialAction":[{"@type":"SearchAction","target":{"@type":"EntryPoint","urlTemplate":"https:\/\/www.casadei-industria.com\/de\/?s={search_term_string}"},"query-input":{"@type":"PropertyValueSpecification","valueRequired":true,"valueName":"search_term_string"}}],"inLanguage":"fr-FR"},{"@type":"Organization","@id":"https:\/\/www.casadei-industria.com\/de\/#organization","name":"Casadei Industria","url":"https:\/\/www.casadei-industria.com\/de\/","logo":{"@type":"ImageObject","inLanguage":"fr-FR","@id":"https:\/\/www.casadei-industria.com\/de\/#\/schema\/logo\/image\/","url":"https:\/\/www.casadei-industria.com\/wp-content\/uploads\/2025\/02\/Casadei-Industria-Logo-vettoriale-2.svg","contentUrl":"https:\/\/www.casadei-industria.com\/wp-content\/uploads\/2025\/02\/Casadei-Industria-Logo-vettoriale-2.svg","width":100,"height":100,"caption":"Casadei Industria"},"image":{"@id":"https:\/\/www.casadei-industria.com\/de\/#\/schema\/logo\/image\/"}}]}},"_links":{"self":[{"href":"https:\/\/www.casadei-industria.com\/fr\/wp-json\/wp\/v2\/pages\/952","targetHints":{"allow":["GET"]}}],"collection":[{"href":"https:\/\/www.casadei-industria.com\/fr\/wp-json\/wp\/v2\/pages"}],"about":[{"href":"https:\/\/www.casadei-industria.com\/fr\/wp-json\/wp\/v2\/types\/page"}],"author":[{"embeddable":true,"href":"https:\/\/www.casadei-industria.com\/fr\/wp-json\/wp\/v2\/users\/1"}],"replies":[{"embeddable":true,"href":"https:\/\/www.casadei-industria.com\/fr\/wp-json\/wp\/v2\/comments?post=952"}],"version-history":[{"count":5,"href":"https:\/\/www.casadei-industria.com\/fr\/wp-json\/wp\/v2\/pages\/952\/revisions"}],"predecessor-version":[{"id":1787,"href":"https:\/\/www.casadei-industria.com\/fr\/wp-json\/wp\/v2\/pages\/952\/revisions\/1787"}],"wp:attachment":[{"href":"https:\/\/www.casadei-industria.com\/fr\/wp-json\/wp\/v2\/media?parent=952"}],"curies":[{"name":"wp","href":"https:\/\/api.w.org\/{rel}","templated":true}]}}